{"id":3464,"date":"2022-04-11T12:44:26","date_gmt":"2022-04-11T10:44:26","guid":{"rendered":"http:\/\/wing-foil.at\/wordpress\/?page_id=3464"},"modified":"2025-03-19T08:02:09","modified_gmt":"2025-03-19T07:02:09","slug":"datenschutz","status":"publish","type":"page","link":"https:\/\/saltylake.at\/wien\/datenschutz\/","title":{"rendered":"Datenschutz"},"content":{"rendered":"\r\n<h1 class=\"wp-block-heading\" data-start=\"10342\" data-end=\"10366\"><strong data-start=\"10342\" data-end=\"10366\">Datenschutzerkl\u00e4rung<\/strong><\/h1>\r\n<p class=\"\" data-start=\"10368\" data-end=\"10743\"><strong data-start=\"10368\" data-end=\"10428\">Erkl\u00e4rung zur Informationspflicht &#8211; Datenschutzerkl\u00e4rung<\/strong><br data-start=\"10428\" data-end=\"10431\" \/>Der Schutz Ihrer pers\u00f6nlichen Daten ist uns ein besonderes Anliegen. Wir verarbeiten Ihre Daten daher ausschlie\u00dflich auf Grundlage der gesetzlichen Bestimmungen (DSGVO, TKG 2003). In diesen Datenschutzinformationen informieren wir Sie \u00fcber die wichtigsten Aspekte der Datenverarbeitung im Rahmen unserer Website.<\/p>\r\n<p class=\"\" data-start=\"10745\" data-end=\"11004\"><strong data-start=\"10745\" data-end=\"10764\">Kontakt mit uns<\/strong><br data-start=\"10764\" data-end=\"10767\" \/>Wenn Sie per E-Mail Kontakt mit uns aufnehmen, werden Ihre angegebenen Daten zwecks Bearbeitung der Anfrage und f\u00fcr den Fall von Anschlussfragen sechs Monate bei uns gespeichert. Diese Daten geben wir nicht ohne Ihre Einwilligung weiter.<\/p>\r\n<p class=\"\" data-start=\"11006\" data-end=\"11692\"><strong data-start=\"11006\" data-end=\"11017\">Cookies<\/strong><br data-start=\"11017\" data-end=\"11020\" \/>Unsere Website verwendet so genannte Cookies. Dabei handelt es sich um kleine Textdateien, die mit Hilfe des Browsers auf Ihrem Endger\u00e4t abgelegt werden. Sie richten keinen Schaden an.<br data-start=\"11204\" data-end=\"11207\" \/>Wir nutzen Cookies dazu, unser Angebot nutzerfreundlich zu gestalten. Einige Cookies bleiben auf Ihrem Endger\u00e4t gespeichert, bis Sie diese l\u00f6schen. Sie erm\u00f6glichen es uns, Ihren Browser beim n\u00e4chsten Besuch wiederzuerkennen. Wenn Sie dies nicht w\u00fcnschen, so k\u00f6nnen Sie Ihren Browser so einrichten, dass er Sie \u00fcber das Setzen von Cookies informiert und Sie dies nur im Einzelfall erlauben.<br data-start=\"11596\" data-end=\"11599\" \/>Bei der Deaktivierung von Cookies kann die Funktionalit\u00e4t unserer Website eingeschr\u00e4nkt sein.<\/p>\r\n<p class=\"\" data-start=\"11694\" data-end=\"13200\"><strong data-start=\"11694\" data-end=\"11709\">Web-Analyse<\/strong><br data-start=\"11709\" data-end=\"11712\" \/>Unsere Website kann Funktionen des Webanalysedienstes Google Analytics verwenden, einen Webanalysedienst der Google LLC (\u201eGoogle\u201c), Amphitheatre Parkway, Mountain View, CA 94043, USA. Die dabei erfassten Daten werden auch au\u00dferhalb der EU verarbeitet. Dazu werden Cookies verwendet, die eine Analyse der Benutzung der Website durch ihre Benutzer erm\u00f6glichen. Die dadurch erzeugten Informationen werden auf den Server des Anbieters \u00fcbertragen und dort gespeichert.<br data-start=\"12175\" data-end=\"12178\" \/>Sie k\u00f6nnen dies verhindern, indem Sie Ihren Browser so einrichten, dass keine Cookies gespeichert werden.<br data-start=\"12283\" data-end=\"12286\" \/>Im Falle der Aktivierung der IP-Anonymisierung \u00fcber ihren Browser wird Ihre IP-Adresse von Google jedoch innerhalb von Mitgliedstaaten der Europ\u00e4ischen Union oder in anderen Vertragsstaaten des Abkommens \u00fcber den Europ\u00e4ischen Wirtschaftsraum zuvor gek\u00fcrzt. Dadurch ist nur noch eine grobe Lokalisierung m\u00f6glich.<br data-start=\"12597\" data-end=\"12600\" \/>Die Beziehung zum Webanalyseanbieter basiert auf den Standardvertragsklauseln der EU im Rahmen des Privacy Shield Abkommens. Weitere Informationen: Google Datenschutzerkl\u00e4rung &amp; Nutzungsbedingungen.<br data-start=\"12798\" data-end=\"12801\" \/>Die Datenverarbeitung erfolgt auf Basis der gesetzlichen Bestimmungen des \u00a7 96 Abs 3 TKG sowie des Art 6 Abs 1 lit a (Einwilligung) und\/oder lit f (berechtigtes Interesse) der DSGVO.<br data-start=\"12983\" data-end=\"12986\" \/>Unser Anliegen im Sinne der DSGVO (berechtigtes Interesse) ist die Verbesserung unseres Angebots und unseres Webauftritts. Da uns die Privatsph\u00e4re unserer Nutzer wichtig ist, werden die Nutzerdaten pseudonymisiert.<\/p>\r\n<p class=\"\" data-start=\"13202\" data-end=\"13860\"><strong data-start=\"13202\" data-end=\"13217\">Ihre Rechte<\/strong><br data-start=\"13217\" data-end=\"13220\" \/>Ihnen stehen grunds\u00e4tzlich die Rechte auf Auskunft, Berichtigung, L\u00f6schung, Einschr\u00e4nkung, Daten\u00fcbertragbarkeit, Widerruf und Widerspruch zu. Wenn Sie glauben, dass die Verarbeitung Ihrer Daten gegen das Datenschutzrecht verst\u00f6\u00dft oder Ihre datenschutzrechtlichen Anspr\u00fcche sonst in einer Weise verletzt worden sind, k\u00f6nnen Sie sich bei der Aufsichtsbeh\u00f6rde beschweren. In \u00d6sterreich ist dies die Datenschutzbeh\u00f6rde.<br data-start=\"13635\" data-end=\"13638\" \/>Beantwortung von Anfragen zum Datenschutz<br data-start=\"13679\" data-end=\"13682\" \/>Wir ersuchen Sie, Ihre Anfrage per E-Mail mit einer beigelegten Ausweiskopie an uns zu senden. Wir werden Ihre Anfrage dann entsprechend der gesetzlichen Vorschriften bearbeiten.<\/p>\r\n<p class=\"\" data-start=\"13862\" data-end=\"13905\"><strong data-start=\"13862\" data-end=\"13883\">Verantwortlicher:<\/strong><br data-start=\"13883\" data-end=\"13886\" \/>Die Salty Lake GmbH<\/p>\r\n\r\n\r\n\r\n\r\n","protected":false},"excerpt":{"rendered":"<p>Datenschutzerkl\u00e4rung Erkl\u00e4rung zur Informationspflicht &#8211; Datenschutzerkl\u00e4rungDer Schutz Ihrer pers\u00f6nlichen Daten ist uns ein besonderes Anliegen. Wir verarbeiten Ihre Daten daher ausschlie\u00dflich auf Grundlage der gesetzlichen Bestimmungen (DSGVO, TKG 2003). In diesen Datenschutzinformationen informieren wir Sie \u00fcber die wichtigsten Aspekte der [&hellip;]<\/p>\n","protected":false},"author":1,"featured_media":0,"parent":0,"menu_order":0,"comment_status":"closed","ping_status":"closed","template":"","meta":{"inline_featured_image":false,"footnotes":""},"class_list":["post-3464","page","type-page","status-publish","hentry"],"yoast_head":"<!-- This site is optimized with the Yoast SEO plugin v24.6 - https:\/\/yoast.com\/wordpress\/plugins\/seo\/ -->\n<title>Datenschutz - Wassersportcenter - Salty Lake in Wien<\/title>\n<meta name=\"robots\" content=\"index, follow, max-snippet:-1, max-image-preview:large, max-video-preview:-1\" \/>\n<link rel=\"canonical\" href=\"https:\/\/saltylake.at\/wien\/datenschutz\/\" \/>\n<meta property=\"og:locale\" content=\"de_DE\" \/>\n<meta property=\"og:type\" content=\"article\" \/>\n<meta property=\"og:title\" content=\"Datenschutz - Wassersportcenter - Salty Lake in Wien\" \/>\n<meta property=\"og:description\" content=\"Datenschutzerkl\u00e4rung Erkl\u00e4rung zur Informationspflicht &#8211; Datenschutzerkl\u00e4rungDer Schutz Ihrer pers\u00f6nlichen Daten ist uns ein besonderes Anliegen. Wir verarbeiten Ihre Daten daher ausschlie\u00dflich auf Grundlage der gesetzlichen Bestimmungen (DSGVO, TKG 2003). In diesen Datenschutzinformationen informieren wir Sie \u00fcber die wichtigsten Aspekte der [&hellip;]\" \/>\n<meta property=\"og:url\" content=\"https:\/\/saltylake.at\/wien\/datenschutz\/\" \/>\n<meta property=\"og:site_name\" content=\"Wassersportcenter - Salty Lake in Wien\" \/>\n<meta property=\"article:modified_time\" content=\"2025-03-19T07:02:09+00:00\" \/>\n<meta name=\"twitter:card\" content=\"summary_large_image\" \/>\n<meta name=\"twitter:label1\" content=\"Gesch\u00e4tzte Lesezeit\" \/>\n\t<meta name=\"twitter:data1\" content=\"10\u00a0Minuten\" \/>\n<script type=\"application\/ld+json\" class=\"yoast-schema-graph\">{\"@context\":\"https:\/\/schema.org\",\"@graph\":[{\"@type\":\"WebPage\",\"@id\":\"https:\/\/saltylake.at\/wien\/datenschutz\/\",\"url\":\"https:\/\/saltylake.at\/wien\/datenschutz\/\",\"name\":\"Datenschutz - Wassersportcenter - Salty Lake in Wien\",\"isPartOf\":{\"@id\":\"https:\/\/saltylake.at\/wien\/#website\"},\"datePublished\":\"2022-04-11T10:44:26+00:00\",\"dateModified\":\"2025-03-19T07:02:09+00:00\",\"breadcrumb\":{\"@id\":\"https:\/\/saltylake.at\/wien\/datenschutz\/#breadcrumb\"},\"inLanguage\":\"de\",\"potentialAction\":[{\"@type\":\"ReadAction\",\"target\":[\"https:\/\/saltylake.at\/wien\/datenschutz\/\"]}]},{\"@type\":\"BreadcrumbList\",\"@id\":\"https:\/\/saltylake.at\/wien\/datenschutz\/#breadcrumb\",\"itemListElement\":[{\"@type\":\"ListItem\",\"position\":1,\"name\":\"Startseite\",\"item\":\"https:\/\/saltylake.at\/wien\/\"},{\"@type\":\"ListItem\",\"position\":2,\"name\":\"Datenschutz\"}]},{\"@type\":\"WebSite\",\"@id\":\"https:\/\/saltylake.at\/wien\/#website\",\"url\":\"https:\/\/saltylake.at\/wien\/\",\"name\":\"Wassersportcenter - Salty Lake in Wien\",\"description\":\"WIR BIETEN DIR WASSERSPORT UND SURF LIFESTYLE IN WIEN\",\"potentialAction\":[{\"@type\":\"SearchAction\",\"target\":{\"@type\":\"EntryPoint\",\"urlTemplate\":\"https:\/\/saltylake.at\/wien\/?s={search_term_string}\"},\"query-input\":{\"@type\":\"PropertyValueSpecification\",\"valueRequired\":true,\"valueName\":\"search_term_string\"}}],\"inLanguage\":\"de\"}]}<\/script>\n<!-- \/ Yoast SEO plugin. -->","yoast_head_json":{"title":"Datenschutz - Wassersportcenter - Salty Lake in Wien","robots":{"index":"index","follow":"follow","max-snippet":"max-snippet:-1","max-image-preview":"max-image-preview:large","max-video-preview":"max-video-preview:-1"},"canonical":"https:\/\/saltylake.at\/wien\/datenschutz\/","og_locale":"de_DE","og_type":"article","og_title":"Datenschutz - Wassersportcenter - Salty Lake in Wien","og_description":"Datenschutzerkl\u00e4rung Erkl\u00e4rung zur Informationspflicht &#8211; Datenschutzerkl\u00e4rungDer Schutz Ihrer pers\u00f6nlichen Daten ist uns ein besonderes Anliegen. Wir verarbeiten Ihre Daten daher ausschlie\u00dflich auf Grundlage der gesetzlichen Bestimmungen (DSGVO, TKG 2003). In diesen Datenschutzinformationen informieren wir Sie \u00fcber die wichtigsten Aspekte der [&hellip;]","og_url":"https:\/\/saltylake.at\/wien\/datenschutz\/","og_site_name":"Wassersportcenter - Salty Lake in Wien","article_modified_time":"2025-03-19T07:02:09+00:00","twitter_card":"summary_large_image","twitter_misc":{"Gesch\u00e4tzte Lesezeit":"10\u00a0Minuten"},"schema":{"@context":"https:\/\/schema.org","@graph":[{"@type":"WebPage","@id":"https:\/\/saltylake.at\/wien\/datenschutz\/","url":"https:\/\/saltylake.at\/wien\/datenschutz\/","name":"Datenschutz - Wassersportcenter - Salty Lake in Wien","isPartOf":{"@id":"https:\/\/saltylake.at\/wien\/#website"},"datePublished":"2022-04-11T10:44:26+00:00","dateModified":"2025-03-19T07:02:09+00:00","breadcrumb":{"@id":"https:\/\/saltylake.at\/wien\/datenschutz\/#breadcrumb"},"inLanguage":"de","potentialAction":[{"@type":"ReadAction","target":["https:\/\/saltylake.at\/wien\/datenschutz\/"]}]},{"@type":"BreadcrumbList","@id":"https:\/\/saltylake.at\/wien\/datenschutz\/#breadcrumb","itemListElement":[{"@type":"ListItem","position":1,"name":"Startseite","item":"https:\/\/saltylake.at\/wien\/"},{"@type":"ListItem","position":2,"name":"Datenschutz"}]},{"@type":"WebSite","@id":"https:\/\/saltylake.at\/wien\/#website","url":"https:\/\/saltylake.at\/wien\/","name":"Wassersportcenter - Salty Lake in Wien","description":"WIR BIETEN DIR WASSERSPORT UND SURF LIFESTYLE IN WIEN","potentialAction":[{"@type":"SearchAction","target":{"@type":"EntryPoint","urlTemplate":"https:\/\/saltylake.at\/wien\/?s={search_term_string}"},"query-input":{"@type":"PropertyValueSpecification","valueRequired":true,"valueName":"search_term_string"}}],"inLanguage":"de"}]}},"_links":{"self":[{"href":"https:\/\/saltylake.at\/wien\/wp-json\/wp\/v2\/pages\/3464","targetHints":{"allow":["GET"]}}],"collection":[{"href":"https:\/\/saltylake.at\/wien\/wp-json\/wp\/v2\/pages"}],"about":[{"href":"https:\/\/saltylake.at\/wien\/wp-json\/wp\/v2\/types\/page"}],"author":[{"embeddable":true,"href":"https:\/\/saltylake.at\/wien\/wp-json\/wp\/v2\/users\/1"}],"replies":[{"embeddable":true,"href":"https:\/\/saltylake.at\/wien\/wp-json\/wp\/v2\/comments?post=3464"}],"version-history":[{"count":26,"href":"https:\/\/saltylake.at\/wien\/wp-json\/wp\/v2\/pages\/3464\/revisions"}],"predecessor-version":[{"id":4643,"href":"https:\/\/saltylake.at\/wien\/wp-json\/wp\/v2\/pages\/3464\/revisions\/4643"}],"wp:attachment":[{"href":"https:\/\/saltylake.at\/wien\/wp-json\/wp\/v2\/media?parent=3464"}],"curies":[{"name":"wp","href":"https:\/\/api.w.org\/{rel}","templated":true}]}}