{"id":4670,"date":"2025-03-19T08:11:30","date_gmt":"2025-03-19T07:11:30","guid":{"rendered":"https:\/\/saltylake.at\/wien\/?page_id=4670"},"modified":"2025-03-19T08:13:39","modified_gmt":"2025-03-19T07:13:39","slug":"agb","status":"publish","type":"page","link":"https:\/\/saltylake.at\/wien\/agb\/","title":{"rendered":"AGB"},"content":{"rendered":"<h3 class=\"\" data-start=\"177\" data-end=\"184\">AGB<\/h3>\n<p class=\"\" data-start=\"185\" data-end=\"244\"><strong data-start=\"185\" data-end=\"244\">Allgemeine Gesch\u00e4ftsbedingungen f\u00fcr die Salty Lake GmbH<\/strong><\/p>\n<h4 class=\"\" data-start=\"246\" data-end=\"266\">Geltungsbereich<\/h4>\n<p class=\"\" data-start=\"267\" data-end=\"742\">1.1 Die Salty Lake GmbH in Wien, im Folgenden \u201eSL\u201c genannt, schlie\u00dft Vertr\u00e4ge und erbringt Dienstleistungen ausschlie\u00dflich zu den vorliegenden Allgemeinen Gesch\u00e4ftsbedingungen (AGB). Entgegenstehende Gesch\u00e4ftsbedingungen des Vertragspartners sind nur dann wirksam, wenn sie von SL anerkannt werden. Mit der Erteilung des Auftrags oder dem Verleih der SUP-Boards, Kayaks und Wingfoil-Equipments durch den Vertragspartner\/Mieter gelten die AGB der SL als akzeptiert.<\/p>\n<h4 class=\"\" data-start=\"744\" data-end=\"765\">Sorgfaltspflicht<\/h4>\n<p class=\"\" data-start=\"766\" data-end=\"998\">2.1 Die Benutzung der SUP-Boards, Kayaks und Wingfoil-Equipments sowie des Zubeh\u00f6rs bei Vermietung, Touren, Trainings oder Kursen erfolgt auf eigene Gefahr. Eine Vermietung erfolgt nur gegen Vorlage eines g\u00fcltigen Personalausweises.<\/p>\n<p class=\"\" data-start=\"1000\" data-end=\"1342\">2.2 Bei Minderj\u00e4hrigen (bis 14 Jahre) ist der Mietvertrag vor Ort pers\u00f6nlich durch einen Erziehungsberechtigten zu unterzeichnen. Die Vermietung kann auch durch Vorlage einer schriftlichen Einwilligung des Erziehungsberechtigten erfolgen; in diesem Fall sind Name und Unterschrift des Erziehungsberechtigten auf der Einwilligung zu vermerken.<\/p>\n<p class=\"\" data-start=\"1344\" data-end=\"1723\">2.3 Der Mieter verpflichtet sich, die Mietgegenst\u00e4nde mit Sorgfalt zu behandeln. Sch\u00e4den und Verschmutzungen, die der Mieter bei Benutzung verursacht hat, werden auf dessen Kosten entfernt. Auf vorhandene Sch\u00e4den ist der Vermieter vor der Anmietung hinzuweisen. Zum festgelegten R\u00fcckgabetermin hat der Mieter dem Vermieter die Mietsachen vollst\u00e4ndig und pers\u00f6nlich zur\u00fcckzugeben.<\/p>\n<h4 class=\"\" data-start=\"1725\" data-end=\"1747\">Vertragsabschluss<\/h4>\n<p class=\"\" data-start=\"1748\" data-end=\"1975\">3.1 Grundlage der Gesch\u00e4ftsbeziehungen ist das jeweilige Angebot, der Verleih oder die verschiedenen Packages und Buchungen, in denen alle vereinbarten Dienstleistungen (Leistungsumfang) sowie die Verg\u00fctung festgehalten werden.<\/p>\n<h4 class=\"\" data-start=\"1977\" data-end=\"1997\">Leistungsumfang<\/h4>\n<p class=\"\" data-start=\"1998\" data-end=\"2133\">4.1 Der Umfang der Vermietung ergibt sich aus den geltenden Tarifen. Die Mietpreise richten sich nach der jeweils aktuellen Preisliste.<\/p>\n<h4 class=\"\" data-start=\"2135\" data-end=\"2147\">Haftung<\/h4>\n<p class=\"\" data-start=\"2148\" data-end=\"2532\">5.1 Die Haftung der SL richtet sich ausschlie\u00dflich nach den schriftlichen Vereinbarungen. Alle hier nicht ausdr\u00fccklich zugestandenen Anspr\u00fcche \u2013 auch Schadensersatzanspr\u00fcche, gleich aus welchem Rechtsgrund \u2013 sind ausgeschlossen, es sei denn, sie beruhen auf einer vors\u00e4tzlichen oder fahrl\u00e4ssigen Vertragsverletzung durch SL, durch einen gesetzlichen Vertreter oder Erf\u00fcllungsgehilfen.<\/p>\n<p class=\"\" data-start=\"2534\" data-end=\"2734\">5.2 Dar\u00fcber hinaus vereinbaren die Vertragsparteien, dass ein Schadensersatzanspruch gegen SL nur in H\u00f6he des vereinbarten Angebots\/Mietpreises\/Honorars beschr\u00e4nkt ist, gleich aus welchem Rechtsgrund.<\/p>\n<p class=\"\" data-start=\"2736\" data-end=\"3147\">5.3 Soweit SL im Zusammenhang mit der Vertragsabwicklung Schadensersatzanspr\u00fcche gegen Dritte zustehen, tritt SL derartige Ersatzanspr\u00fcche auch an den Vertragspartner ab, sofern dieser die Abtretung derartiger k\u00fcnftiger Anspr\u00fcche annimmt. In einem solchen Fall stehen dem Auftraggeber gegen SL keine weiteren Anspr\u00fcche zu. Der Vertragspartner ist berechtigt, derartige Anspr\u00fcche auf eigene Kosten durchzusetzen.<\/p>\n<h4 class=\"\" data-start=\"3149\" data-end=\"3185\">Honorar und Zahlungsmodalit\u00e4ten<\/h4>\n<p class=\"\" data-start=\"3186\" data-end=\"3268\">6.1 Die Zahlungsmodalit\u00e4ten sind im Angebot bzw. jeweiligen Verleihtarif geregelt.<\/p>\n<p class=\"\" data-start=\"3270\" data-end=\"3534\">6.2 Ist eine Zahlung per Rechnung vereinbart, so ist diese sofort nach Rechnungseingang ohne Abzug innerhalb von 14 Tagen f\u00e4llig oder bar zu bezahlen. Bei versp\u00e4teter Zahlung gelten Verzugszinsen in H\u00f6he von 2% p.a. \u00fcber dem aktuellen Basiszinssatz als vereinbart.<\/p>\n<p class=\"\" data-start=\"3536\" data-end=\"3647\">6.3 Der Kunde darf nur mit unbestrittenen Forderungen aufrechnen oder ein Zur\u00fcckbehaltungsrecht geltend machen.<\/p>\n<p class=\"\" data-start=\"3649\" data-end=\"3871\">6.4 Alle genannten Preise verstehen sich in Euro inkl. der gesetzlich definierten Mehrwertsteuer. Zahlungen sind, sofern keine Zahlungsbedingungen vereinbart wurden, ohne jeden Abzug sofort nach Erhalt der Rechnung f\u00e4llig.<\/p>\n<h4 class=\"\" data-start=\"3873\" data-end=\"3908\">K\u00fcndigung, Storno und Widerruf<\/h4>\n<p class=\"\" data-start=\"3909\" data-end=\"4233\">7.1 Der Auftraggeber ist berechtigt, das Vertragsverh\u00e4ltnis mit SL jederzeit zu k\u00fcndigen. Die vorzeitige Aufhebung des Vertragsverh\u00e4ltnisses verpflichtet den Auftraggeber jedoch zur Zahlung des vereinbarten Entgeltes. Eine R\u00fcckerstattung des Geldbetrags ist nicht m\u00f6glich, jedoch erh\u00e4lt der Auftraggeber einen Gutscheincode.<\/p>\n<ul data-start=\"4235\" data-end=\"4486\">\n<li class=\"\" data-start=\"4235\" data-end=\"4387\">\n<p class=\"\" data-start=\"4237\" data-end=\"4387\">Bei R\u00fccktritt wird dem Auftraggeber ein Gutscheincode gesendet, der f\u00fcr ein neues Vertragsverh\u00e4ltnis eingesetzt werden kann. Dieser ist 1 Jahr g\u00fcltig.<\/p>\n<\/li>\n<li class=\"\" data-start=\"4388\" data-end=\"4486\">\n<p class=\"\" data-start=\"4390\" data-end=\"4486\">Bei Nichtantritt des Kurses wird eine Stornogeb\u00fchr von 100% des Kurs- und Verleihpreises f\u00e4llig.<\/p>\n<\/li>\n<\/ul>\n<p class=\"\" data-start=\"4488\" data-end=\"4605\">7.2 Der R\u00fccktritt hat schriftlich, unter Angabe des Grundes und der Bestellnummer, an <a href=\"mailto:info@saltylake.at\" target=\"_blank\" rel=\"noopener\" data-start=\"4574\" data-end=\"4592\">info@saltylake.at<\/a> zu erfolgen.<\/p>\n<p class=\"\" data-start=\"4607\" data-end=\"4750\">7.3 Der R\u00fccktritt muss mindestens 24 Stunden vor Vertragsbeginn erfolgen, da sonst eine fristgerechte Bearbeitung nicht garantiert werden kann.<\/p>\n<p class=\"\" data-start=\"4752\" data-end=\"4935\"><em data-start=\"4752\" data-end=\"4810\">Ausnahme des Widerrufsrechts laut \u00a7 18 Abs. 1 Z 10 FAGG:<\/em> <a href=\"https:\/\/www.ris.bka.gv.at\/eli\/bgbl\/i\/2014\/33\/P18\/NOR40162344\" target=\"_new\" rel=\"noopener\" data-start=\"4811\" data-end=\"4935\">https:\/\/www.ris.bka.gv.at\/eli\/bgbl\/i\/2014\/33\/P18\/NOR40162344<\/a><\/p>\n<h4 class=\"\" data-start=\"4937\" data-end=\"4953\">Allgemeines<\/h4>\n<p class=\"\" data-start=\"4954\" data-end=\"5357\">8.1 Jeder Teilnehmer muss schwimmen k\u00f6nnen und \u00fcber eine gesunde k\u00f6rperliche Verfassung verf\u00fcgen. Teilnehmer, die unter Alkohol- oder Drogeneinfluss stehen, werden ohne Ersatz von der Veranstaltung ausgeschlossen! SL geht grunds\u00e4tzlich davon aus, dass jeder Teilnehmer die angef\u00fchrten k\u00f6rperlichen Voraussetzungen f\u00fcr die jeweiligen Events und den Verleih erf\u00fcllt und sich dieser vor Beginn bewusst ist.<\/p>\n<p class=\"\" data-start=\"5359\" data-end=\"5561\">8.2 Der Teilnehmer erkl\u00e4rt ausdr\u00fccklich, dass aus medizinischer Sicht keine Bedenken gegen das Aus\u00fcben unserer Sportarten bestehen. Bei m\u00f6glichen Beschwerden empfehlen wir, den Hausarzt zu kontaktieren.<\/p>\n<p class=\"\" data-start=\"5563\" data-end=\"6367\">8.3 Zum Stand-Up-Paddling, Kajakfahren oder Wingsurfen ist jeder berechtigt, der das 14. Lebensjahr vollendet hat. Bei Minderj\u00e4hrigen hat die Anmeldung schriftlich oder m\u00fcndlich mit Einverst\u00e4ndnis des Erziehungsberechtigten zu erfolgen. Damit erkl\u00e4rt der Erziehungsberechtigte sein Kind f\u00fcr selbst verantwortlich genug, um an den Kursen oder dem Verleih teilzunehmen. SL \u00fcbernimmt \u00fcber minderj\u00e4hrige Teilnehmer keine Aufsichtspflicht, abgesehen von den gesetzlichen Verkehrssicherungspflichten. F\u00fcr Kinder bis zum vollendeten 14. Lebensjahr ist das Tragen von Rettungswesten Pflicht. Bei Missachtung dieser Vorsichtsma\u00dfnahmen ist der Vermieter berechtigt, die Anmietung oder Touren\/Trainings sofort abzubrechen. Der Mietpreis sowie die Nebenkosten werden in diesem Fall in voller H\u00f6he zur Zahlung f\u00e4llig.<\/p>\n<p class=\"\" data-start=\"6369\" data-end=\"6759\">8.4 Wetter- und wasserstandbedingte \u00c4nderungen oder Absagen (Hoch-\/Niedrigwasser, Starkregen, Schneefall, Wind ab 20 km\/h) des Programms liegen ausschlie\u00dflich im Entscheidungsbereich des Veranstalters. Bei Nichtdurchf\u00fchrung der Veranstaltung aufgrund dieser Umst\u00e4nde erhalten alle Teilnehmer einen Gutschein oder einen neuen Termin f\u00fcr das Programm. Weiterf\u00fchrende Anspr\u00fcche bestehen nicht.<\/p>\n<p class=\"\" data-start=\"6761\" data-end=\"7230\">8.5 SL ist bei einer gesundheitsgef\u00e4hrdenden Situation aufgrund der Wetterlage (Sturm, Unwetter, \u00dcberschwemmungen, extremes Niedrigwasser oder starker Nebel u. \u00e4.) berechtigt, Touren und Trainings abzusagen. In diesem Fall hat der Mieter keinen Anspruch auf Kostenerstattung von Nebenkosten (Anreise, Hotel\u00fcbernachtung etc.). Dies gilt auch f\u00fcr den Fall, dass die Tour aufgrund niedriger Wasserst\u00e4nde nicht stattfindet oder auf ein anderes Gew\u00e4sser verlegt werden muss.<\/p>\n<p class=\"\" data-start=\"7232\" data-end=\"7407\">8.6 Der Mieter hat die Verpflichtung, auch bei pl\u00f6tzlicher Ver\u00e4nderung der Wetterlage die ihm \u00fcberlassenen Mietsachen innerhalb der \u00d6ffnungszeiten vollst\u00e4ndig zur\u00fcckzubringen.<\/p>\n<p class=\"\" data-start=\"7409\" data-end=\"7490\">8.7 Bitte beachten Sie bei den einzelnen Programmen die jeweiligen Anforderungen!<\/p>\n<p class=\"\" data-start=\"7492\" data-end=\"7608\">8.8 Nimmt der Teilnehmer aus welchen Gr\u00fcnden auch immer Aktivit\u00e4ten nicht in Anspruch, erfolgt keine R\u00fcckerstattung.<\/p>\n<p class=\"\" data-start=\"7610\" data-end=\"7807\">8.9 Ausgestellte Gutscheine sind ab dem Ausstellungsdatum 1 Jahr g\u00fcltig. Eine Verl\u00e4ngerung ist nach R\u00fcckbest\u00e4tigung durch SL m\u00f6glich. Eine Barabl\u00f6se von ausgestellten Gutscheinen ist nicht m\u00f6glich.<\/p>\n<p class=\"\" data-start=\"7809\" data-end=\"7888\">8.10 Jeder Teilnehmer hat den Anweisungen des Instruktorteams Folge zu leisten!<\/p>\n<p class=\"\" data-start=\"7890\" data-end=\"8146\">8.11 Der Teilnehmer wird besonders auf Folgendes hingewiesen: Beim Stand-Up-Paddling, Kajakfahren und Wingfoilen handelt es sich um eine risikoreiche Sportart, weshalb eine erh\u00f6hte Verletzungsgefahr sowohl f\u00fcr die eigene Person als auch f\u00fcr Dritte besteht.<\/p>\n<p class=\"\" data-start=\"8148\" data-end=\"8494\">8.12 SL \u00fcbernimmt keine Haftung f\u00fcr Gefahren, die zwangsl\u00e4ufig mit Stand-Up-Paddling, Kajakfahren oder Wingfoilen verbunden sind. Der Teilnehmer nimmt diese Gefahren in Kauf. Weiterhin \u00fcbernimmt SL keine Haftung f\u00fcr Sch\u00e4den, die dem Teilnehmer w\u00e4hrend der Aus\u00fcbung der Sportart durch das Verschulden anderer Kursteilnehmer oder Dritter entstehen.<\/p>\n<p class=\"\" data-start=\"8496\" data-end=\"8879\">8.13 SL \u00fcbernimmt ferner keine Haftung f\u00fcr Verlust und Besch\u00e4digung des Eigentums der Teilnehmer. Der Teilnehmer hat das ihm zur Verf\u00fcgung gestellte Material sorgsam und ordnungsgem\u00e4\u00df zu behandeln. Der Teilnehmer haftet bei grob fahrl\u00e4ssiger Besch\u00e4digung und Verlust. Der Teilnehmer ist verpflichtet, aufgetretene Leistungst\u00f6rungen sofort den Instruktoren\/Gesch\u00e4ftsleitung zu melden.<\/p>\n<p class=\"\" data-start=\"8881\" data-end=\"9199\">8.14 Die Anmeldung zu einem Kurs oder Verleih kann elektronisch mittels Buchungstool, per E-Mail, schriftlich oder telefonisch erfolgen. Sie erfolgt durch den Teilnehmer auch f\u00fcr alle in der Anmeldung mit aufgef\u00fchrten Teilnehmer, f\u00fcr deren Vertragspflichten der Anmelder wie f\u00fcr seine eigenen Verpflichtungen einsteht.<\/p>\n<p class=\"\" data-start=\"9201\" data-end=\"9553\">8.15 Die Verwendung der Daten f\u00fcr eigene werbliche Zwecke (Newsletter) ist nicht ausgeschlossen. Sie k\u00f6nnen dieser Verwendung jederzeit widersprechen. Ihre E-Mail-Adresse kann von uns f\u00fcr die Zusendung unserer Newsletter genutzt werden. Sollten Sie dies nicht wollen, teilen Sie uns dies bitte mit. Eine Abmeldung des Newsletters ist jederzeit m\u00f6glich.<\/p>\n<p class=\"\" data-start=\"9555\" data-end=\"9831\">8.16 Der Mieter\/Kunde erteilt seine Zustimmung, dass Fotos und Videos, die bei den SL-Aktivit\u00e4ten, Events etc. von den Instruktoren oder dem Personal aufgenommen werden, auf denen der Mieter\/Kunde erkennbar ist, ohne weitere Zustimmung f\u00fcr Werbezwecke verwendet werden d\u00fcrfen.<\/p>\n<p class=\"\" data-start=\"9833\" data-end=\"9937\">8.17 F\u00fcr verlorene oder besch\u00e4digte Wertsachen wird keinerlei Haftung seitens des Vermieters \u00fcbernommen.<\/p>\n","protected":false},"excerpt":{"rendered":"<p>AGB Allgemeine Gesch\u00e4ftsbedingungen f\u00fcr die Salty Lake GmbH Geltungsbereich 1.1 Die Salty Lake GmbH in Wien, im Folgenden \u201eSL\u201c genannt, schlie\u00dft Vertr\u00e4ge und erbringt Dienstleistungen ausschlie\u00dflich zu den vorliegenden Allgemeinen Gesch\u00e4ftsbedingungen (AGB). Entgegenstehende Gesch\u00e4ftsbedingungen des Vertragspartners sind nur dann wirksam, [&hellip;]<\/p>\n","protected":false},"author":4,"featured_media":0,"parent":0,"menu_order":0,"comment_status":"closed","ping_status":"closed","template":"","meta":{"inline_featured_image":false,"footnotes":""},"class_list":["post-4670","page","type-page","status-publish","hentry"],"yoast_head":"<!-- This site is optimized with the Yoast SEO plugin v24.6 - https:\/\/yoast.com\/wordpress\/plugins\/seo\/ -->\n<title>AGB - Wassersportcenter - Salty Lake in Wien<\/title>\n<meta name=\"robots\" content=\"index, follow, max-snippet:-1, max-image-preview:large, max-video-preview:-1\" \/>\n<link rel=\"canonical\" href=\"https:\/\/saltylake.at\/wien\/agb\/\" \/>\n<meta property=\"og:locale\" content=\"de_DE\" \/>\n<meta property=\"og:type\" content=\"article\" \/>\n<meta property=\"og:title\" content=\"AGB - Wassersportcenter - Salty Lake in Wien\" \/>\n<meta property=\"og:description\" content=\"AGB Allgemeine Gesch\u00e4ftsbedingungen f\u00fcr die Salty Lake GmbH Geltungsbereich 1.1 Die Salty Lake GmbH in Wien, im Folgenden \u201eSL\u201c genannt, schlie\u00dft Vertr\u00e4ge und erbringt Dienstleistungen ausschlie\u00dflich zu den vorliegenden Allgemeinen Gesch\u00e4ftsbedingungen (AGB). Entgegenstehende Gesch\u00e4ftsbedingungen des Vertragspartners sind nur dann wirksam, [&hellip;]\" \/>\n<meta property=\"og:url\" content=\"https:\/\/saltylake.at\/wien\/agb\/\" \/>\n<meta property=\"og:site_name\" content=\"Wassersportcenter - Salty Lake in Wien\" \/>\n<meta property=\"article:modified_time\" content=\"2025-03-19T07:13:39+00:00\" \/>\n<meta name=\"twitter:card\" content=\"summary_large_image\" \/>\n<meta name=\"twitter:label1\" content=\"Gesch\u00e4tzte Lesezeit\" \/>\n\t<meta name=\"twitter:data1\" content=\"7\u00a0Minuten\" \/>\n<script type=\"application\/ld+json\" class=\"yoast-schema-graph\">{\"@context\":\"https:\/\/schema.org\",\"@graph\":[{\"@type\":\"WebPage\",\"@id\":\"https:\/\/saltylake.at\/wien\/agb\/\",\"url\":\"https:\/\/saltylake.at\/wien\/agb\/\",\"name\":\"AGB - Wassersportcenter - Salty Lake in Wien\",\"isPartOf\":{\"@id\":\"https:\/\/saltylake.at\/wien\/#website\"},\"datePublished\":\"2025-03-19T07:11:30+00:00\",\"dateModified\":\"2025-03-19T07:13:39+00:00\",\"breadcrumb\":{\"@id\":\"https:\/\/saltylake.at\/wien\/agb\/#breadcrumb\"},\"inLanguage\":\"de\",\"potentialAction\":[{\"@type\":\"ReadAction\",\"target\":[\"https:\/\/saltylake.at\/wien\/agb\/\"]}]},{\"@type\":\"BreadcrumbList\",\"@id\":\"https:\/\/saltylake.at\/wien\/agb\/#breadcrumb\",\"itemListElement\":[{\"@type\":\"ListItem\",\"position\":1,\"name\":\"Startseite\",\"item\":\"https:\/\/saltylake.at\/wien\/\"},{\"@type\":\"ListItem\",\"position\":2,\"name\":\"AGB\"}]},{\"@type\":\"WebSite\",\"@id\":\"https:\/\/saltylake.at\/wien\/#website\",\"url\":\"https:\/\/saltylake.at\/wien\/\",\"name\":\"Wassersportcenter - Salty Lake in Wien\",\"description\":\"WIR BIETEN DIR WASSERSPORT UND SURF LIFESTYLE IN WIEN\",\"potentialAction\":[{\"@type\":\"SearchAction\",\"target\":{\"@type\":\"EntryPoint\",\"urlTemplate\":\"https:\/\/saltylake.at\/wien\/?s={search_term_string}\"},\"query-input\":{\"@type\":\"PropertyValueSpecification\",\"valueRequired\":true,\"valueName\":\"search_term_string\"}}],\"inLanguage\":\"de\"}]}<\/script>\n<!-- \/ Yoast SEO plugin. -->","yoast_head_json":{"title":"AGB - Wassersportcenter - Salty Lake in Wien","robots":{"index":"index","follow":"follow","max-snippet":"max-snippet:-1","max-image-preview":"max-image-preview:large","max-video-preview":"max-video-preview:-1"},"canonical":"https:\/\/saltylake.at\/wien\/agb\/","og_locale":"de_DE","og_type":"article","og_title":"AGB - Wassersportcenter - Salty Lake in Wien","og_description":"AGB Allgemeine Gesch\u00e4ftsbedingungen f\u00fcr die Salty Lake GmbH Geltungsbereich 1.1 Die Salty Lake GmbH in Wien, im Folgenden \u201eSL\u201c genannt, schlie\u00dft Vertr\u00e4ge und erbringt Dienstleistungen ausschlie\u00dflich zu den vorliegenden Allgemeinen Gesch\u00e4ftsbedingungen (AGB). Entgegenstehende Gesch\u00e4ftsbedingungen des Vertragspartners sind nur dann wirksam, [&hellip;]","og_url":"https:\/\/saltylake.at\/wien\/agb\/","og_site_name":"Wassersportcenter - Salty Lake in Wien","article_modified_time":"2025-03-19T07:13:39+00:00","twitter_card":"summary_large_image","twitter_misc":{"Gesch\u00e4tzte Lesezeit":"7\u00a0Minuten"},"schema":{"@context":"https:\/\/schema.org","@graph":[{"@type":"WebPage","@id":"https:\/\/saltylake.at\/wien\/agb\/","url":"https:\/\/saltylake.at\/wien\/agb\/","name":"AGB - Wassersportcenter - Salty Lake in Wien","isPartOf":{"@id":"https:\/\/saltylake.at\/wien\/#website"},"datePublished":"2025-03-19T07:11:30+00:00","dateModified":"2025-03-19T07:13:39+00:00","breadcrumb":{"@id":"https:\/\/saltylake.at\/wien\/agb\/#breadcrumb"},"inLanguage":"de","potentialAction":[{"@type":"ReadAction","target":["https:\/\/saltylake.at\/wien\/agb\/"]}]},{"@type":"BreadcrumbList","@id":"https:\/\/saltylake.at\/wien\/agb\/#breadcrumb","itemListElement":[{"@type":"ListItem","position":1,"name":"Startseite","item":"https:\/\/saltylake.at\/wien\/"},{"@type":"ListItem","position":2,"name":"AGB"}]},{"@type":"WebSite","@id":"https:\/\/saltylake.at\/wien\/#website","url":"https:\/\/saltylake.at\/wien\/","name":"Wassersportcenter - Salty Lake in Wien","description":"WIR BIETEN DIR WASSERSPORT UND SURF LIFESTYLE IN WIEN","potentialAction":[{"@type":"SearchAction","target":{"@type":"EntryPoint","urlTemplate":"https:\/\/saltylake.at\/wien\/?s={search_term_string}"},"query-input":{"@type":"PropertyValueSpecification","valueRequired":true,"valueName":"search_term_string"}}],"inLanguage":"de"}]}},"_links":{"self":[{"href":"https:\/\/saltylake.at\/wien\/wp-json\/wp\/v2\/pages\/4670","targetHints":{"allow":["GET"]}}],"collection":[{"href":"https:\/\/saltylake.at\/wien\/wp-json\/wp\/v2\/pages"}],"about":[{"href":"https:\/\/saltylake.at\/wien\/wp-json\/wp\/v2\/types\/page"}],"author":[{"embeddable":true,"href":"https:\/\/saltylake.at\/wien\/wp-json\/wp\/v2\/users\/4"}],"replies":[{"embeddable":true,"href":"https:\/\/saltylake.at\/wien\/wp-json\/wp\/v2\/comments?post=4670"}],"version-history":[{"count":1,"href":"https:\/\/saltylake.at\/wien\/wp-json\/wp\/v2\/pages\/4670\/revisions"}],"predecessor-version":[{"id":4671,"href":"https:\/\/saltylake.at\/wien\/wp-json\/wp\/v2\/pages\/4670\/revisions\/4671"}],"wp:attachment":[{"href":"https:\/\/saltylake.at\/wien\/wp-json\/wp\/v2\/media?parent=4670"}],"curies":[{"name":"wp","href":"https:\/\/api.w.org\/{rel}","templated":true}]}}