{"id":3265,"date":"2022-04-05T12:26:29","date_gmt":"2022-04-05T10:26:29","guid":{"rendered":"http:\/\/wing-foil.at\/wordpress\/?post_type=product&#038;p=3265"},"modified":"2026-04-15T20:41:29","modified_gmt":"2026-04-15T18:41:29","slug":"wingsurf-beginnerkurs-einsteigerkurs","status":"publish","type":"product","link":"https:\/\/saltylake.at\/wien\/product\/wingsurf-beginnerkurs-einsteigerkurs\/","title":{"rendered":"LEVEL 1 &#8211; BASICKURS"},"content":{"rendered":"<p data-start=\"90\" data-end=\"112\"><strong data-start=\"90\" data-end=\"112\">KURS LEVEL 1 = Starte dein Wingsurf Abenteuer mit uns!\u00a0<\/strong><\/p>\n<p data-start=\"82\" data-end=\"524\">Zu Beginn erh\u00e4ltst du eine ausf\u00fchrliche Theorieeinheit an Land, in der dir die wesentlichen Grundlagen des Wingsurfens erkl\u00e4rt werden. Du lernst, wie der Wing funktioniert und wie du ihn richtig handhabst. Direkt danach geht es ab aufs Wasser, wo du mit einem speziellen Board \u00fcbst. Dieses Board erm\u00f6glicht es dir, dich ganz auf den Wing zu konzentrieren, ohne dich um das Board k\u00fcmmern zu m\u00fcssen.<\/p>\n<p data-start=\"82\" data-end=\"524\">Das Ziel dieses Kurses ist es, dir die n\u00f6tigen F\u00e4higkeiten zu vermitteln, damit du am Ende wieder an dem Punkt ankommst, an dem du gestartet bist. Schritt f\u00fcr Schritt wirst du lernen, den Wing &amp; Board richtig zu handhaben und die dazugeh\u00f6rige Technik zu meistern. So kannst du mit Selbstvertrauen und Sicherheit weiter aufs Wasser gehen.<\/p>\n<p data-start=\"714\" data-end=\"731\"><strong data-start=\"714\" data-end=\"729\">Kursinhalt:<\/strong><\/p>\n<ul data-start=\"732\" data-end=\"1008\">\n<li data-start=\"732\" data-end=\"804\"><strong data-start=\"734\" data-end=\"753\">Einheit 1 &#8211; Theorie an Land <\/strong>\u00a0= Einf\u00fchrung in den Wing und seine Funktionsweise, sowie den Auf- und Abbau des Equipments<\/li>\n<li data-start=\"805\" data-end=\"890\"><strong data-start=\"807\" data-end=\"825\">Einheit 2 &#8211; Praxis im Wasser =<\/strong>\u00a0\u00dcbungen zur Handhabung des Wings mit Anleitung eines Instruktors<\/li>\n<li data-start=\"891\" data-end=\"1008\"><strong data-start=\"893\" data-end=\"918\">Freies \u00dcben am Wasser =\u00a0 <\/strong>Equipment (Wing &amp; Board) f\u00fcr alleine \u00fcben, um die gelernten Techniken anzuwenden<\/li>\n<\/ul>\n<p data-start=\"1015\" data-end=\"1027\"><strong data-start=\"1015\" data-end=\"1027\">Kursablauf:<\/strong><\/p>\n<ul>\n<li data-start=\"90\" data-end=\"358\">Rechne mit einem <strong>halben Tag f\u00fcr den Kurs<\/strong> \u2013 davon sind <strong>2 Einheiten je 1 Stunde<\/strong> mit einem <strong>erfahrenen Instruktor<\/strong>\n<ul>\n<li data-start=\"90\" data-end=\"358\">Im Anschluss hast du noch die M\u00f6glichkeit, selbst\u00e4ndig zu \u00fcben \u2013 ohne Zeitlimit, jedoch nur am gleichen Tag m\u00f6glich<\/li>\n<\/ul>\n<\/li>\n<li data-start=\"90\" data-end=\"358\"><strong data-start=\"1161\" data-end=\"1176\">Teilnehmer:<\/strong><span class=\"Apple-converted-space\">\u00a0<\/span>2 \u2013 4 Personen pro Kurs \u2013 so erh\u00e4lt jeder die n\u00f6tige Aufmerksamkeit!<\/li>\n<li><strong data-start=\"988\" data-end=\"998\">Gesamtdauer: <\/strong>2 Einheiten mit je 1 Stunde, gefolgt von freiem \u00dcben am selben Tag<\/li>\n<\/ul>\n<hr \/>\n<p data-start=\"972\" data-end=\"984\"><strong data-start=\"1081\" data-end=\"1099\">Wind &amp; Wetter:<\/strong>\u00a0Der Verleihtermin richtet sich nach den aktuellen Wind- und Wetterbedingungen. Deshalb kann es zu kurzfristigen Verschiebungen kommen, um dir das bestm\u00f6gliche Erlebnis zu bieten.<\/p>\n<p data-start=\"1081\" data-end=\"1278\"><strong data-start=\"1284\" data-end=\"1302\">Infrastruktur:<\/strong> Nutze die praktischen Annehmlichkeiten vor Ort, wie Umkleidekabinen, Dusch- und WC-Anlagen oder der legend\u00e4re Vienna City Beach Club, um\u00a0nach deiner Session zu entspannen und dich zu erfrischen.<\/p>\n","protected":false},"excerpt":{"rendered":"<h5>Einsteigerkurs &#8211; \u00dcben an Land und im Wasser unter Aufsicht des Insturktors (Dauer 2 Stunden)<\/h5>\n<div><span class=\"x1c3i2sq x19la9d6 x1fc57z9 xexx8yu x19um543 x18d9i69 x1m6msm x6ikm8r x10wlt62 x19co3pv x1g5zs5t xfibh0p xiy17q3 x1xsqp64\"><span class=\"\">\ud83d\udcaa\ud83c\udffb<span class=\"Apple-converted-space\"> Theorie und Praxis an Land und Wasser<\/span><\/span><\/span><\/div>\n<div><span class=\"x1c3i2sq x19la9d6 x1fc57z9 xexx8yu x19um543 x18d9i69 x1m6msm x6ikm8r x10wlt62 x19co3pv x1g5zs5t xfibh0p xiy17q3 x1xsqp64\">\u2b50<\/span><span class=\"Apple-converted-space\">\u00a0<\/span>Erste Erfahrungen mit dem Wing &amp; Board sammeln<\/div>\n<div>\n<div>\n<div>\ud83e\uddb8\u200d\u2642\ufe0f Mit Instruktor w\u00e4hrend der Land und Wassereinheit<\/div>\n<\/div>\n<\/div>\n<div><span class=\"x1c3i2sq x19la9d6 x1fc57z9 xexx8yu x19um543 x18d9i69 x1m6msm x6ikm8r x10wlt62 x19co3pv x1g5zs5t xfibh0p xiy17q3 x1xsqp64\"><span class=\"\">\ud83c\udfc4\ud83c\udffc<span class=\"Apple-converted-space\">\u00a0<\/span><\/span><\/span>Selbst\u00e4ndiges \u00fcben im Wasser mit Wing &amp; Board<\/div>\n<div>\u2705 inkl. Equipment (Wing &amp; Board und Helm)<\/div>\n","protected":false},"featured_media":4887,"template":"","meta":{"inline_featured_image":false},"product_cat":[29],"product_tag":[],"class_list":["post-3265","product","type-product","status-publish","has-post-thumbnail","hentry","product_cat-wingsurf"],"yoast_head":"<!-- This site is optimized with the Yoast SEO plugin v24.6 - https:\/\/yoast.com\/wordpress\/plugins\/seo\/ -->\n<title>BEGINNER WINGKURS - SALTY LAKE<\/title>\n<meta name=\"description\" content=\"Das Ziel dieses Kurses ist es, dir die n\u00f6tigen F\u00e4higkeiten zu vermitteln, damit du am Ende wieder an dem Punkt ankommst, an dem du gestartet bist. Schritt f\u00fcr Schritt wirst du lernen, den Wing &amp; Board richtig zu handhaben und die dazugeh\u00f6rige Technik zu meistern. So kannst du mit Selbstvertrauen und Sicherheit weiter aufs Wasser gehen.\" \/>\n<meta name=\"robots\" content=\"index, follow, max-snippet:-1, max-image-preview:large, max-video-preview:-1\" \/>\n<link rel=\"canonical\" href=\"https:\/\/saltylake.at\/wien\/product\/wingsurf-beginnerkurs-einsteigerkurs\/\" \/>\n<meta property=\"og:locale\" content=\"de_DE\" \/>\n<meta property=\"og:type\" content=\"article\" \/>\n<meta property=\"og:title\" content=\"BEGINNER WINGKURS - SALTY LAKE\" \/>\n<meta property=\"og:description\" content=\"Das Ziel dieses Kurses ist es, dir die n\u00f6tigen F\u00e4higkeiten zu vermitteln, damit du am Ende wieder an dem Punkt ankommst, an dem du gestartet bist. Schritt f\u00fcr Schritt wirst du lernen, den Wing &amp; Board richtig zu handhaben und die dazugeh\u00f6rige Technik zu meistern. So kannst du mit Selbstvertrauen und Sicherheit weiter aufs Wasser gehen.\" \/>\n<meta property=\"og:url\" content=\"https:\/\/saltylake.at\/wien\/product\/wingsurf-beginnerkurs-einsteigerkurs\/\" \/>\n<meta property=\"og:site_name\" content=\"Wassersportcenter - Salty Lake in Wien\" \/>\n<meta property=\"article:modified_time\" content=\"2026-04-15T18:41:29+00:00\" \/>\n<meta property=\"og:image\" content=\"https:\/\/saltylake.at\/wien\/wordpress\/wp-content\/uploads\/2022\/04\/Website-YannRifflet-LeysaPerotti_SkyAir26_Unit26_Brazil_Duotone_by-TiagoAzzi-66-e1776277911690.jpg\" \/>\n\t<meta property=\"og:image:width\" content=\"1418\" \/>\n\t<meta property=\"og:image:height\" content=\"1240\" \/>\n\t<meta property=\"og:image:type\" content=\"image\/jpeg\" \/>\n<meta name=\"twitter:card\" content=\"summary_large_image\" \/>\n<meta name=\"twitter:label1\" content=\"Gesch\u00e4tzte Lesezeit\" \/>\n\t<meta name=\"twitter:data1\" content=\"2\u00a0Minuten\" \/>\n<script type=\"application\/ld+json\" class=\"yoast-schema-graph\">{\"@context\":\"https:\/\/schema.org\",\"@graph\":[{\"@type\":\"WebPage\",\"@id\":\"https:\/\/saltylake.at\/wien\/product\/wingsurf-beginnerkurs-einsteigerkurs\/\",\"url\":\"https:\/\/saltylake.at\/wien\/product\/wingsurf-beginnerkurs-einsteigerkurs\/\",\"name\":\"BEGINNER WINGKURS - SALTY LAKE\",\"isPartOf\":{\"@id\":\"https:\/\/saltylake.at\/wien\/#website\"},\"primaryImageOfPage\":{\"@id\":\"https:\/\/saltylake.at\/wien\/product\/wingsurf-beginnerkurs-einsteigerkurs\/#primaryimage\"},\"image\":{\"@id\":\"https:\/\/saltylake.at\/wien\/product\/wingsurf-beginnerkurs-einsteigerkurs\/#primaryimage\"},\"thumbnailUrl\":\"https:\/\/saltylake.at\/wien\/wordpress\/wp-content\/uploads\/2022\/04\/Website-YannRifflet-LeysaPerotti_SkyAir26_Unit26_Brazil_Duotone_by-TiagoAzzi-66-e1776277911690.jpg\",\"datePublished\":\"2022-04-05T10:26:29+00:00\",\"dateModified\":\"2026-04-15T18:41:29+00:00\",\"description\":\"Das Ziel dieses Kurses ist es, dir die n\u00f6tigen F\u00e4higkeiten zu vermitteln, damit du am Ende wieder an dem Punkt ankommst, an dem du gestartet bist. Schritt f\u00fcr Schritt wirst du lernen, den Wing & Board richtig zu handhaben und die dazugeh\u00f6rige Technik zu meistern. So kannst du mit Selbstvertrauen und Sicherheit weiter aufs Wasser gehen.\",\"breadcrumb\":{\"@id\":\"https:\/\/saltylake.at\/wien\/product\/wingsurf-beginnerkurs-einsteigerkurs\/#breadcrumb\"},\"inLanguage\":\"de\",\"potentialAction\":[{\"@type\":\"ReadAction\",\"target\":[\"https:\/\/saltylake.at\/wien\/product\/wingsurf-beginnerkurs-einsteigerkurs\/\"]}]},{\"@type\":\"ImageObject\",\"inLanguage\":\"de\",\"@id\":\"https:\/\/saltylake.at\/wien\/product\/wingsurf-beginnerkurs-einsteigerkurs\/#primaryimage\",\"url\":\"https:\/\/saltylake.at\/wien\/wordpress\/wp-content\/uploads\/2022\/04\/Website-YannRifflet-LeysaPerotti_SkyAir26_Unit26_Brazil_Duotone_by-TiagoAzzi-66-e1776277911690.jpg\",\"contentUrl\":\"https:\/\/saltylake.at\/wien\/wordpress\/wp-content\/uploads\/2022\/04\/Website-YannRifflet-LeysaPerotti_SkyAir26_Unit26_Brazil_Duotone_by-TiagoAzzi-66-e1776277911690.jpg\",\"width\":1418,\"height\":1240},{\"@type\":\"BreadcrumbList\",\"@id\":\"https:\/\/saltylake.at\/wien\/product\/wingsurf-beginnerkurs-einsteigerkurs\/#breadcrumb\",\"itemListElement\":[{\"@type\":\"ListItem\",\"position\":1,\"name\":\"Startseite\",\"item\":\"https:\/\/saltylake.at\/wien\/\"},{\"@type\":\"ListItem\",\"position\":2,\"name\":\"Kurse und Verleih\",\"item\":\"https:\/\/saltylake.at\/wien\/shop\/\"},{\"@type\":\"ListItem\",\"position\":3,\"name\":\"LEVEL 1 &#8211; BASICKURS\"}]},{\"@type\":\"WebSite\",\"@id\":\"https:\/\/saltylake.at\/wien\/#website\",\"url\":\"https:\/\/saltylake.at\/wien\/\",\"name\":\"Wassersportcenter - Salty Lake in Wien\",\"description\":\"WIR BIETEN DIR WASSERSPORT UND SURF LIFESTYLE IN WIEN\",\"potentialAction\":[{\"@type\":\"SearchAction\",\"target\":{\"@type\":\"EntryPoint\",\"urlTemplate\":\"https:\/\/saltylake.at\/wien\/?s={search_term_string}\"},\"query-input\":{\"@type\":\"PropertyValueSpecification\",\"valueRequired\":true,\"valueName\":\"search_term_string\"}}],\"inLanguage\":\"de\"}]}<\/script>\n<!-- \/ Yoast SEO plugin. -->","yoast_head_json":{"title":"BEGINNER WINGKURS - SALTY LAKE","description":"Das Ziel dieses Kurses ist es, dir die n\u00f6tigen F\u00e4higkeiten zu vermitteln, damit du am Ende wieder an dem Punkt ankommst, an dem du gestartet bist. Schritt f\u00fcr Schritt wirst du lernen, den Wing & Board richtig zu handhaben und die dazugeh\u00f6rige Technik zu meistern. So kannst du mit Selbstvertrauen und Sicherheit weiter aufs Wasser gehen.","robots":{"index":"index","follow":"follow","max-snippet":"max-snippet:-1","max-image-preview":"max-image-preview:large","max-video-preview":"max-video-preview:-1"},"canonical":"https:\/\/saltylake.at\/wien\/product\/wingsurf-beginnerkurs-einsteigerkurs\/","og_locale":"de_DE","og_type":"article","og_title":"BEGINNER WINGKURS - SALTY LAKE","og_description":"Das Ziel dieses Kurses ist es, dir die n\u00f6tigen F\u00e4higkeiten zu vermitteln, damit du am Ende wieder an dem Punkt ankommst, an dem du gestartet bist. Schritt f\u00fcr Schritt wirst du lernen, den Wing & Board richtig zu handhaben und die dazugeh\u00f6rige Technik zu meistern. So kannst du mit Selbstvertrauen und Sicherheit weiter aufs Wasser gehen.","og_url":"https:\/\/saltylake.at\/wien\/product\/wingsurf-beginnerkurs-einsteigerkurs\/","og_site_name":"Wassersportcenter - Salty Lake in Wien","article_modified_time":"2026-04-15T18:41:29+00:00","og_image":[{"width":1418,"height":1240,"url":"https:\/\/saltylake.at\/wien\/wordpress\/wp-content\/uploads\/2022\/04\/Website-YannRifflet-LeysaPerotti_SkyAir26_Unit26_Brazil_Duotone_by-TiagoAzzi-66-e1776277911690.jpg","type":"image\/jpeg"}],"twitter_card":"summary_large_image","twitter_misc":{"Gesch\u00e4tzte Lesezeit":"2\u00a0Minuten"},"schema":{"@context":"https:\/\/schema.org","@graph":[{"@type":"WebPage","@id":"https:\/\/saltylake.at\/wien\/product\/wingsurf-beginnerkurs-einsteigerkurs\/","url":"https:\/\/saltylake.at\/wien\/product\/wingsurf-beginnerkurs-einsteigerkurs\/","name":"BEGINNER WINGKURS - SALTY LAKE","isPartOf":{"@id":"https:\/\/saltylake.at\/wien\/#website"},"primaryImageOfPage":{"@id":"https:\/\/saltylake.at\/wien\/product\/wingsurf-beginnerkurs-einsteigerkurs\/#primaryimage"},"image":{"@id":"https:\/\/saltylake.at\/wien\/product\/wingsurf-beginnerkurs-einsteigerkurs\/#primaryimage"},"thumbnailUrl":"https:\/\/saltylake.at\/wien\/wordpress\/wp-content\/uploads\/2022\/04\/Website-YannRifflet-LeysaPerotti_SkyAir26_Unit26_Brazil_Duotone_by-TiagoAzzi-66-e1776277911690.jpg","datePublished":"2022-04-05T10:26:29+00:00","dateModified":"2026-04-15T18:41:29+00:00","description":"Das Ziel dieses Kurses ist es, dir die n\u00f6tigen F\u00e4higkeiten zu vermitteln, damit du am Ende wieder an dem Punkt ankommst, an dem du gestartet bist. Schritt f\u00fcr Schritt wirst du lernen, den Wing & Board richtig zu handhaben und die dazugeh\u00f6rige Technik zu meistern. So kannst du mit Selbstvertrauen und Sicherheit weiter aufs Wasser gehen.","breadcrumb":{"@id":"https:\/\/saltylake.at\/wien\/product\/wingsurf-beginnerkurs-einsteigerkurs\/#breadcrumb"},"inLanguage":"de","potentialAction":[{"@type":"ReadAction","target":["https:\/\/saltylake.at\/wien\/product\/wingsurf-beginnerkurs-einsteigerkurs\/"]}]},{"@type":"ImageObject","inLanguage":"de","@id":"https:\/\/saltylake.at\/wien\/product\/wingsurf-beginnerkurs-einsteigerkurs\/#primaryimage","url":"https:\/\/saltylake.at\/wien\/wordpress\/wp-content\/uploads\/2022\/04\/Website-YannRifflet-LeysaPerotti_SkyAir26_Unit26_Brazil_Duotone_by-TiagoAzzi-66-e1776277911690.jpg","contentUrl":"https:\/\/saltylake.at\/wien\/wordpress\/wp-content\/uploads\/2022\/04\/Website-YannRifflet-LeysaPerotti_SkyAir26_Unit26_Brazil_Duotone_by-TiagoAzzi-66-e1776277911690.jpg","width":1418,"height":1240},{"@type":"BreadcrumbList","@id":"https:\/\/saltylake.at\/wien\/product\/wingsurf-beginnerkurs-einsteigerkurs\/#breadcrumb","itemListElement":[{"@type":"ListItem","position":1,"name":"Startseite","item":"https:\/\/saltylake.at\/wien\/"},{"@type":"ListItem","position":2,"name":"Kurse und Verleih","item":"https:\/\/saltylake.at\/wien\/shop\/"},{"@type":"ListItem","position":3,"name":"LEVEL 1 &#8211; BASICKURS"}]},{"@type":"WebSite","@id":"https:\/\/saltylake.at\/wien\/#website","url":"https:\/\/saltylake.at\/wien\/","name":"Wassersportcenter - Salty Lake in Wien","description":"WIR BIETEN DIR WASSERSPORT UND SURF LIFESTYLE IN WIEN","potentialAction":[{"@type":"SearchAction","target":{"@type":"EntryPoint","urlTemplate":"https:\/\/saltylake.at\/wien\/?s={search_term_string}"},"query-input":{"@type":"PropertyValueSpecification","valueRequired":true,"valueName":"search_term_string"}}],"inLanguage":"de"}]}},"_links":{"self":[{"href":"https:\/\/saltylake.at\/wien\/wp-json\/wp\/v2\/product\/3265","targetHints":{"allow":["GET"]}}],"collection":[{"href":"https:\/\/saltylake.at\/wien\/wp-json\/wp\/v2\/product"}],"about":[{"href":"https:\/\/saltylake.at\/wien\/wp-json\/wp\/v2\/types\/product"}],"wp:featuredmedia":[{"embeddable":true,"href":"https:\/\/saltylake.at\/wien\/wp-json\/wp\/v2\/media\/4887"}],"wp:attachment":[{"href":"https:\/\/saltylake.at\/wien\/wp-json\/wp\/v2\/media?parent=3265"}],"wp:term":[{"taxonomy":"product_cat","embeddable":true,"href":"https:\/\/saltylake.at\/wien\/wp-json\/wp\/v2\/product_cat?post=3265"},{"taxonomy":"product_tag","embeddable":true,"href":"https:\/\/saltylake.at\/wien\/wp-json\/wp\/v2\/product_tag?post=3265"}],"curies":[{"name":"wp","href":"https:\/\/api.w.org\/{rel}","templated":true}]}}