{"id":3340,"date":"2022-04-05T18:59:14","date_gmt":"2022-04-05T16:59:14","guid":{"rendered":"http:\/\/wing-foil.at\/wordpress\/?post_type=product&#038;p=3340"},"modified":"2026-04-16T08:43:41","modified_gmt":"2026-04-16T06:43:41","slug":"wingfoilen-lernen","status":"publish","type":"product","link":"https:\/\/saltylake.at\/wien\/product\/wingfoilen-lernen\/","title":{"rendered":"LEVEL 2 &#8211; KURS MIT DEM FOILBOARD"},"content":{"rendered":"<p><strong data-start=\"0\" data-end=\"81\">KURS LEVEL 2 = Den Wing beherrschst du schon, jetzt geht\u2019s ab aufs Foilboard!<\/strong><\/p>\n<p class=\"\" data-start=\"83\" data-end=\"251\">In diesem Kurs vermitteln wir dir alle notwendigen F\u00e4higkeiten, damit du dich mit dem Foilboard sicher f\u00fchlst und im besten Fall deine ersten Meter \u00fcber dem Wasser zur\u00fccklegst.<\/p>\n<article class=\"group\/turn w-full text-token-text-primary focus-visible:outline-2 focus-visible:outline-offset-[-4px]\" dir=\"auto\" data-testid=\"conversation-turn-13\" data-scroll-anchor=\"true\">\n<div class=\"text-base my-auto mx-auto py-[18px] px-6\">\n<div class=\"mx-auto flex flex-1 text-base gap-4 md:gap-5 lg:gap-6 md:max-w-3xl\">\n<div class=\"group\/conversation-turn relative flex w-full min-w-0 flex-col agent-turn @xs\/thread:px-0 @sm\/thread:px-1.5 @md\/thread:px-4\">\n<div class=\"flex-col gap-1 md:gap-3\">\n<div class=\"flex max-w-full flex-col flex-grow\">\n<div class=\"min-h-8 text-message relative flex w-full flex-col items-end gap-2 whitespace-normal break-words text-start [.text-message+&amp;]:mt-5\" dir=\"auto\" data-message-author-role=\"assistant\" data-message-id=\"417e72bd-9feb-4603-acbc-2457efa68d19\" data-message-model-slug=\"gpt-4o-mini\">\n<div class=\"flex w-full flex-col gap-1 empty:hidden first:pt-[3px]\">\n<div class=\"markdown prose w-full break-words dark:prose-invert light\">\n<p class=\"\" data-start=\"0\" data-end=\"348\">Das Ziel dieses Kurses ist es, dir die richtigen Techniken zu vermitteln, um Wing und Board mit Foil sicher zu handhaben und das Wingfoilen zu meistern. Du wirst deine ersten Meter mit dem Board und Foil auf und \u00fcber dem Wasser fahren &#8211; dadurch das Selbstvertrauen sowie die Sicherheit gewinnen, die du ben\u00f6tigst, um weiterhin erfolgreich aufs Wasser zu gehen.<\/p>\n<\/div>\n<\/div>\n<\/div>\n<\/div>\n<\/div>\n<\/div>\n<\/div>\n<\/div>\n<\/article>\n<p data-start=\"714\" data-end=\"731\"><strong data-start=\"714\" data-end=\"729\">Kursinhalt:<\/strong><\/p>\n<ul data-start=\"732\" data-end=\"1008\">\n<li data-start=\"805\" data-end=\"890\"><strong data-start=\"807\" data-end=\"825\">1 Einheit\u00a0 =<\/strong> \u00dcbungen zur Handhabung des Wings und Foilboard im Wasser unter Anleitung eines Instruktors<\/li>\n<\/ul>\n<p data-start=\"1015\" data-end=\"1027\"><strong data-start=\"1015\" data-end=\"1027\">Kursablauf:<\/strong><\/p>\n<ul>\n<li data-start=\"90\" data-end=\"358\"><span class=\"Apple-converted-space\"><strong data-start=\"734\" data-end=\"753\">1 Einheit <\/strong>\u00a0<\/span>\u2013 kurze Einf\u00fchrung am Land, ab aufs Wasser mit Wings mit Foil unter Anleitung eines Instruktors<\/li>\n<li data-start=\"90\" data-end=\"358\"><strong data-start=\"1161\" data-end=\"1176\">Teilnehmer:<\/strong> 2\u00a0 Personen pro Kurs \u2013 so erh\u00e4lt jeder die n\u00f6tige Aufmerksamkeit!<\/li>\n<li><strong data-start=\"988\" data-end=\"998\">Gesamtdauer:<\/strong><span class=\"Apple-converted-space\"> 1<\/span> Einheit = 1 Stunde<\/li>\n<\/ul>\n<hr \/>\n<p data-start=\"972\" data-end=\"984\"><strong data-start=\"1081\" data-end=\"1099\">Wind &amp; Wetter:<\/strong>\u00a0Der Verleihtermin richtet sich nach den aktuellen Wind- und Wetterbedingungen. Deshalb kann es zu kurzfristigen Verschiebungen kommen, um dir das bestm\u00f6gliche Erlebnis zu bieten.<\/p>\n<p data-start=\"1081\" data-end=\"1278\"><strong data-start=\"1284\" data-end=\"1302\">Infrastruktur:<\/strong> Nutze die praktischen Annehmlichkeiten vor Ort, wie Umkleidekabinen, Dusch- und WC-Anlagen oder der legend\u00e4re Vienna City Beach Club, um nach deiner Session zu entspannen und dich zu erfrischen<\/p>\n","protected":false},"excerpt":{"rendered":"<h5>Fortgeschrittenenkurs = jetzt geht\u2019s ab aufs Foilboard\u00a0(DAUER 1 STUNDE)<\/h5>\n<div>\n<div>\n<div><span class=\"x1c3i2sq x19la9d6 x1fc57z9 xexx8yu x19um543 x18d9i69 x1m6msm x6ikm8r x10wlt62 x19co3pv x1g5zs5t xfibh0p xiy17q3 x1xsqp64\"><span class=\"\">\ud83d\udcaa\ud83c\udffb <\/span><\/span>Praxis im Wasser<\/div>\n<\/div>\n<div><span class=\"x1c3i2sq x19la9d6 x1fc57z9 xexx8yu x19um543 x18d9i69 x1m6msm x6ikm8r x10wlt62 x19co3pv x1g5zs5t xfibh0p xiy17q3 x1xsqp64\">\u2b50<\/span><span class=\"Apple-converted-space\">\u00a0<\/span>Erste Erfahrungen mit dem Wing &amp; Foilboard sammeln<\/div>\n<\/div>\n<div>\n<div>\n<div>\ud83e\uddb8\u200d\u2642\ufe0f Mit Instruktor &#8211; f\u00fcr deinen Lernerfolg<\/div>\n<\/div>\n<\/div>\n<div>\n<div>\n<div>\u2705 inkl. Equipment (Wing &amp; Foilboard und Helm)<\/div>\n<\/div>\n<\/div>\n","protected":false},"featured_media":4886,"template":"","meta":{"inline_featured_image":false},"product_cat":[29],"product_tag":[],"class_list":["post-3340","product","type-product","status-publish","has-post-thumbnail","hentry","product_cat-wingsurf"],"yoast_head":"<!-- This site is optimized with the Yoast SEO plugin v24.6 - https:\/\/yoast.com\/wordpress\/plugins\/seo\/ -->\n<title>WINGFOILKURS - SALYT LAKE<\/title>\n<meta name=\"description\" content=\"Das Ziel dieses Kurses ist es, dir die richtigen Techniken zu vermitteln, um Wing und Board mit Foil sicher zu handhaben und das Wingfoilen zu meistern. Du wirst deine ersten Meter mit dem Board und Foil auf und \u00fcber dem Wasser fahren \u2013 dadurch das Selbstvertrauen sowie die Sicherheit gewinnen, die du ben\u00f6tigst, um weiterhin erfolgreich aufs Wasser zu gehen.\" \/>\n<meta name=\"robots\" content=\"index, follow, max-snippet:-1, max-image-preview:large, max-video-preview:-1\" \/>\n<link rel=\"canonical\" href=\"https:\/\/saltylake.at\/wien\/product\/wingfoilen-lernen\/\" \/>\n<meta property=\"og:locale\" content=\"de_DE\" \/>\n<meta property=\"og:type\" content=\"article\" \/>\n<meta property=\"og:title\" content=\"WINGFOILKURS - SALYT LAKE\" \/>\n<meta property=\"og:description\" content=\"Das Ziel dieses Kurses ist es, dir die richtigen Techniken zu vermitteln, um Wing und Board mit Foil sicher zu handhaben und das Wingfoilen zu meistern. Du wirst deine ersten Meter mit dem Board und Foil auf und \u00fcber dem Wasser fahren \u2013 dadurch das Selbstvertrauen sowie die Sicherheit gewinnen, die du ben\u00f6tigst, um weiterhin erfolgreich aufs Wasser zu gehen.\" \/>\n<meta property=\"og:url\" content=\"https:\/\/saltylake.at\/wien\/product\/wingfoilen-lernen\/\" \/>\n<meta property=\"og:site_name\" content=\"Wassersportcenter - Salty Lake in Wien\" \/>\n<meta property=\"article:modified_time\" content=\"2026-04-16T06:43:41+00:00\" \/>\n<meta property=\"og:image\" content=\"https:\/\/saltylake.at\/wien\/wordpress\/wp-content\/uploads\/2022\/04\/Website-MariaBehrens_SkyStart26_Unit26_Guadeloupe_Duotone_by-TobyBromwich-8615-e1776277744256.jpg\" \/>\n\t<meta property=\"og:image:width\" content=\"1054\" \/>\n\t<meta property=\"og:image:height\" content=\"1238\" \/>\n\t<meta property=\"og:image:type\" content=\"image\/jpeg\" \/>\n<meta name=\"twitter:card\" content=\"summary_large_image\" \/>\n<meta name=\"twitter:label1\" content=\"Gesch\u00e4tzte Lesezeit\" \/>\n\t<meta name=\"twitter:data1\" content=\"1\u00a0Minute\" \/>\n<script type=\"application\/ld+json\" class=\"yoast-schema-graph\">{\"@context\":\"https:\/\/schema.org\",\"@graph\":[{\"@type\":\"WebPage\",\"@id\":\"https:\/\/saltylake.at\/wien\/product\/wingfoilen-lernen\/\",\"url\":\"https:\/\/saltylake.at\/wien\/product\/wingfoilen-lernen\/\",\"name\":\"WINGFOILKURS - SALYT LAKE\",\"isPartOf\":{\"@id\":\"https:\/\/saltylake.at\/wien\/#website\"},\"primaryImageOfPage\":{\"@id\":\"https:\/\/saltylake.at\/wien\/product\/wingfoilen-lernen\/#primaryimage\"},\"image\":{\"@id\":\"https:\/\/saltylake.at\/wien\/product\/wingfoilen-lernen\/#primaryimage\"},\"thumbnailUrl\":\"https:\/\/saltylake.at\/wien\/wordpress\/wp-content\/uploads\/2022\/04\/Website-MariaBehrens_SkyStart26_Unit26_Guadeloupe_Duotone_by-TobyBromwich-8615-e1776277744256.jpg\",\"datePublished\":\"2022-04-05T16:59:14+00:00\",\"dateModified\":\"2026-04-16T06:43:41+00:00\",\"description\":\"Das Ziel dieses Kurses ist es, dir die richtigen Techniken zu vermitteln, um Wing und Board mit Foil sicher zu handhaben und das Wingfoilen zu meistern. Du wirst deine ersten Meter mit dem Board und Foil auf und \u00fcber dem Wasser fahren \u2013 dadurch das Selbstvertrauen sowie die Sicherheit gewinnen, die du ben\u00f6tigst, um weiterhin erfolgreich aufs Wasser zu gehen.\",\"breadcrumb\":{\"@id\":\"https:\/\/saltylake.at\/wien\/product\/wingfoilen-lernen\/#breadcrumb\"},\"inLanguage\":\"de\",\"potentialAction\":[{\"@type\":\"ReadAction\",\"target\":[\"https:\/\/saltylake.at\/wien\/product\/wingfoilen-lernen\/\"]}]},{\"@type\":\"ImageObject\",\"inLanguage\":\"de\",\"@id\":\"https:\/\/saltylake.at\/wien\/product\/wingfoilen-lernen\/#primaryimage\",\"url\":\"https:\/\/saltylake.at\/wien\/wordpress\/wp-content\/uploads\/2022\/04\/Website-MariaBehrens_SkyStart26_Unit26_Guadeloupe_Duotone_by-TobyBromwich-8615-e1776277744256.jpg\",\"contentUrl\":\"https:\/\/saltylake.at\/wien\/wordpress\/wp-content\/uploads\/2022\/04\/Website-MariaBehrens_SkyStart26_Unit26_Guadeloupe_Duotone_by-TobyBromwich-8615-e1776277744256.jpg\",\"width\":1054,\"height\":1238},{\"@type\":\"BreadcrumbList\",\"@id\":\"https:\/\/saltylake.at\/wien\/product\/wingfoilen-lernen\/#breadcrumb\",\"itemListElement\":[{\"@type\":\"ListItem\",\"position\":1,\"name\":\"Startseite\",\"item\":\"https:\/\/saltylake.at\/wien\/\"},{\"@type\":\"ListItem\",\"position\":2,\"name\":\"Kurse und Verleih\",\"item\":\"https:\/\/saltylake.at\/wien\/shop\/\"},{\"@type\":\"ListItem\",\"position\":3,\"name\":\"LEVEL 2 &#8211; KURS MIT DEM FOILBOARD\"}]},{\"@type\":\"WebSite\",\"@id\":\"https:\/\/saltylake.at\/wien\/#website\",\"url\":\"https:\/\/saltylake.at\/wien\/\",\"name\":\"Wassersportcenter - Salty Lake in Wien\",\"description\":\"WIR BIETEN DIR WASSERSPORT UND SURF LIFESTYLE IN WIEN\",\"potentialAction\":[{\"@type\":\"SearchAction\",\"target\":{\"@type\":\"EntryPoint\",\"urlTemplate\":\"https:\/\/saltylake.at\/wien\/?s={search_term_string}\"},\"query-input\":{\"@type\":\"PropertyValueSpecification\",\"valueRequired\":true,\"valueName\":\"search_term_string\"}}],\"inLanguage\":\"de\"}]}<\/script>\n<!-- \/ Yoast SEO plugin. -->","yoast_head_json":{"title":"WINGFOILKURS - SALYT LAKE","description":"Das Ziel dieses Kurses ist es, dir die richtigen Techniken zu vermitteln, um Wing und Board mit Foil sicher zu handhaben und das Wingfoilen zu meistern. Du wirst deine ersten Meter mit dem Board und Foil auf und \u00fcber dem Wasser fahren \u2013 dadurch das Selbstvertrauen sowie die Sicherheit gewinnen, die du ben\u00f6tigst, um weiterhin erfolgreich aufs Wasser zu gehen.","robots":{"index":"index","follow":"follow","max-snippet":"max-snippet:-1","max-image-preview":"max-image-preview:large","max-video-preview":"max-video-preview:-1"},"canonical":"https:\/\/saltylake.at\/wien\/product\/wingfoilen-lernen\/","og_locale":"de_DE","og_type":"article","og_title":"WINGFOILKURS - SALYT LAKE","og_description":"Das Ziel dieses Kurses ist es, dir die richtigen Techniken zu vermitteln, um Wing und Board mit Foil sicher zu handhaben und das Wingfoilen zu meistern. Du wirst deine ersten Meter mit dem Board und Foil auf und \u00fcber dem Wasser fahren \u2013 dadurch das Selbstvertrauen sowie die Sicherheit gewinnen, die du ben\u00f6tigst, um weiterhin erfolgreich aufs Wasser zu gehen.","og_url":"https:\/\/saltylake.at\/wien\/product\/wingfoilen-lernen\/","og_site_name":"Wassersportcenter - Salty Lake in Wien","article_modified_time":"2026-04-16T06:43:41+00:00","og_image":[{"width":1054,"height":1238,"url":"https:\/\/saltylake.at\/wien\/wordpress\/wp-content\/uploads\/2022\/04\/Website-MariaBehrens_SkyStart26_Unit26_Guadeloupe_Duotone_by-TobyBromwich-8615-e1776277744256.jpg","type":"image\/jpeg"}],"twitter_card":"summary_large_image","twitter_misc":{"Gesch\u00e4tzte Lesezeit":"1\u00a0Minute"},"schema":{"@context":"https:\/\/schema.org","@graph":[{"@type":"WebPage","@id":"https:\/\/saltylake.at\/wien\/product\/wingfoilen-lernen\/","url":"https:\/\/saltylake.at\/wien\/product\/wingfoilen-lernen\/","name":"WINGFOILKURS - SALYT LAKE","isPartOf":{"@id":"https:\/\/saltylake.at\/wien\/#website"},"primaryImageOfPage":{"@id":"https:\/\/saltylake.at\/wien\/product\/wingfoilen-lernen\/#primaryimage"},"image":{"@id":"https:\/\/saltylake.at\/wien\/product\/wingfoilen-lernen\/#primaryimage"},"thumbnailUrl":"https:\/\/saltylake.at\/wien\/wordpress\/wp-content\/uploads\/2022\/04\/Website-MariaBehrens_SkyStart26_Unit26_Guadeloupe_Duotone_by-TobyBromwich-8615-e1776277744256.jpg","datePublished":"2022-04-05T16:59:14+00:00","dateModified":"2026-04-16T06:43:41+00:00","description":"Das Ziel dieses Kurses ist es, dir die richtigen Techniken zu vermitteln, um Wing und Board mit Foil sicher zu handhaben und das Wingfoilen zu meistern. Du wirst deine ersten Meter mit dem Board und Foil auf und \u00fcber dem Wasser fahren \u2013 dadurch das Selbstvertrauen sowie die Sicherheit gewinnen, die du ben\u00f6tigst, um weiterhin erfolgreich aufs Wasser zu gehen.","breadcrumb":{"@id":"https:\/\/saltylake.at\/wien\/product\/wingfoilen-lernen\/#breadcrumb"},"inLanguage":"de","potentialAction":[{"@type":"ReadAction","target":["https:\/\/saltylake.at\/wien\/product\/wingfoilen-lernen\/"]}]},{"@type":"ImageObject","inLanguage":"de","@id":"https:\/\/saltylake.at\/wien\/product\/wingfoilen-lernen\/#primaryimage","url":"https:\/\/saltylake.at\/wien\/wordpress\/wp-content\/uploads\/2022\/04\/Website-MariaBehrens_SkyStart26_Unit26_Guadeloupe_Duotone_by-TobyBromwich-8615-e1776277744256.jpg","contentUrl":"https:\/\/saltylake.at\/wien\/wordpress\/wp-content\/uploads\/2022\/04\/Website-MariaBehrens_SkyStart26_Unit26_Guadeloupe_Duotone_by-TobyBromwich-8615-e1776277744256.jpg","width":1054,"height":1238},{"@type":"BreadcrumbList","@id":"https:\/\/saltylake.at\/wien\/product\/wingfoilen-lernen\/#breadcrumb","itemListElement":[{"@type":"ListItem","position":1,"name":"Startseite","item":"https:\/\/saltylake.at\/wien\/"},{"@type":"ListItem","position":2,"name":"Kurse und Verleih","item":"https:\/\/saltylake.at\/wien\/shop\/"},{"@type":"ListItem","position":3,"name":"LEVEL 2 &#8211; KURS MIT DEM FOILBOARD"}]},{"@type":"WebSite","@id":"https:\/\/saltylake.at\/wien\/#website","url":"https:\/\/saltylake.at\/wien\/","name":"Wassersportcenter - Salty Lake in Wien","description":"WIR BIETEN DIR WASSERSPORT UND SURF LIFESTYLE IN WIEN","potentialAction":[{"@type":"SearchAction","target":{"@type":"EntryPoint","urlTemplate":"https:\/\/saltylake.at\/wien\/?s={search_term_string}"},"query-input":{"@type":"PropertyValueSpecification","valueRequired":true,"valueName":"search_term_string"}}],"inLanguage":"de"}]}},"_links":{"self":[{"href":"https:\/\/saltylake.at\/wien\/wp-json\/wp\/v2\/product\/3340","targetHints":{"allow":["GET"]}}],"collection":[{"href":"https:\/\/saltylake.at\/wien\/wp-json\/wp\/v2\/product"}],"about":[{"href":"https:\/\/saltylake.at\/wien\/wp-json\/wp\/v2\/types\/product"}],"wp:featuredmedia":[{"embeddable":true,"href":"https:\/\/saltylake.at\/wien\/wp-json\/wp\/v2\/media\/4886"}],"wp:attachment":[{"href":"https:\/\/saltylake.at\/wien\/wp-json\/wp\/v2\/media?parent=3340"}],"wp:term":[{"taxonomy":"product_cat","embeddable":true,"href":"https:\/\/saltylake.at\/wien\/wp-json\/wp\/v2\/product_cat?post=3340"},{"taxonomy":"product_tag","embeddable":true,"href":"https:\/\/saltylake.at\/wien\/wp-json\/wp\/v2\/product_tag?post=3340"}],"curies":[{"name":"wp","href":"https:\/\/api.w.org\/{rel}","templated":true}]}}