{"id":4497,"date":"2025-02-21T12:52:10","date_gmt":"2025-02-21T11:52:10","guid":{"rendered":"https:\/\/saltylake.at\/wien\/?post_type=product&#038;p=4497"},"modified":"2026-04-15T20:46:01","modified_gmt":"2026-04-15T18:46:01","slug":"schnupperkurs-mit-land-und-wassereinheit","status":"publish","type":"product","link":"https:\/\/saltylake.at\/wien\/product\/schnupperkurs-mit-land-und-wassereinheit\/","title":{"rendered":"SCHNUPPERKURS &#8211; LAND UND WASSEREINHEIT"},"content":{"rendered":"<p data-start=\"75\" data-end=\"117\"><strong data-start=\"75\" data-end=\"117\">Wingsurfen \u2013 Einfach ausprobieren!<\/strong><\/p>\n<p data-start=\"119\" data-end=\"241\">Du willst das Wingsurfen einfach eimal ausprobieren und herausfinden, ob es dir Spa\u00df macht? Dann bist du bei uns genau richtig!<\/p>\n<p data-start=\"243\" data-end=\"579\">Zu Beginn ist es wichtig, ein Gef\u00fchl f\u00fcr den Wing zu bekommen und zu lernen, wie er richtig gehandhabt wird. Bei uns startest du mit einer Theorieeinheit an Land, um die Grundlagen des Wingsurfens zu verstehen, bevor es dann selbst\u00e4ndig aufs Wasser geht. Wir verwenden hier ein spezielles SUP-Board, damit du dich ganz auf den Wing konzentrieren kannst.<\/p>\n<p data-start=\"581\" data-end=\"712\">Das Ziel des Kurses ist es, dir erste Eindr\u00fccke zu vermitteln und ein solides Gef\u00fchl f\u00fcr den Wing, das Board und deren Handhabung zu entwickeln &#8211; so kannst du die Grundlagen des Wingsurfens erlernen und weiter sicher \u00fcben.<\/p>\n<p data-start=\"714\" data-end=\"731\"><strong data-start=\"714\" data-end=\"729\">Kursinhalt:<\/strong><\/p>\n<ul>\n<li><strong data-start=\"734\" data-end=\"753\">Theorie an Land =<\/strong>\u00a0Einf\u00fchrung in den Wing und seine Funktionsweise, sowie den Auf- und Abbau des Equipments<\/li>\n<li data-start=\"805\" data-end=\"890\"><strong data-start=\"807\" data-end=\"825\">Praxis an Land =<\/strong>\u00a0\u00dcbungen zur Handhabung des Wings mit Anleitung eines Instruktors<\/li>\n<li data-start=\"891\" data-end=\"1008\"><strong data-start=\"893\" data-end=\"918\">Freies \u00fcben am Wasser =<\/strong> Mit dem Equipment (Wing &amp; Board) alleine \u00fcben, um die gelernten Techniken anzuwenden<\/li>\n<\/ul>\n<hr data-start=\"1010\" data-end=\"1013\" \/>\n<p data-start=\"1015\" data-end=\"1027\"><strong data-start=\"1015\" data-end=\"1027\">Kursablauf:<\/strong><\/p>\n<ul data-start=\"1029\" data-end=\"1547\">\n<li data-start=\"1029\" data-end=\"1158\"><strong>Aufbau, Theorie und \u00dcbungen an Land <\/strong>mit dem Instruktor und anschlie\u00dfend<strong data-start=\"1118\" data-end=\"1148\"> selbst\u00e4ndiges und freies \u00dcben<\/strong> am Wasser\n<ul data-start=\"1029\" data-end=\"1547\">\n<li data-start=\"1029\" data-end=\"1158\">Bei den ersten Startversuchen bzw. ins Wasser gehen hilft dir der Instruktor nat\u00fcrlich<\/li>\n<\/ul>\n<\/li>\n<li data-start=\"1159\" data-end=\"1249\"><strong data-start=\"1161\" data-end=\"1176\">Teilnehmeranzahl:<\/strong> 2 &#8211; 4 Personen pro Kurs \u2013 so erh\u00e4lt jeder die n\u00f6tige Aufmerksamkeit!<\/li>\n<li data-start=\"1159\" data-end=\"1249\"><strong data-start=\"988\" data-end=\"998\">Gesamtdauer:<\/strong> 1 Stunde an Land und <strong data-start=\"1118\" data-end=\"1148\">freies \u00dcben<\/strong><span class=\"Apple-converted-space\">\u00a0<\/span>am Wasser (bis zu 2 Stunden)<\/li>\n<\/ul>\n<hr \/>\n<p data-start=\"972\" data-end=\"984\"><strong data-start=\"1081\" data-end=\"1099\">Wind &amp; Wetter:<\/strong> Der Termin f\u00fcr den Kurs richtet sich nach den aktuellen Wind- und Wetterbedingungen. Deshalb kann es zu kurzfristigen Verschiebungen kommen, um dir das bestm\u00f6gliche Erlebnis zu bieten.<\/p>\n<p data-start=\"1081\" data-end=\"1278\"><strong data-start=\"1284\" data-end=\"1302\">Infrastruktur: <\/strong>Nutze die praktischen Annehmlichkeiten vor unsere Schule vor Ort, wie Umkleidekabinen, Dusch- und WC-Anlagen. Danach kannst du im legend\u00e4ren <a href=\"http:\/\/www.vcbc.at\" target=\"_blank\" rel=\"noopener\">Vienna City Beach Club<\/a> chillen, dich erfrischen und die Wellen DEINES Lebens genie\u00dfen.<\/p>\n<p>&nbsp;<\/p>\n<p>&nbsp;<\/p>\n","protected":false},"excerpt":{"rendered":"<div>\n<h5>\u00dcben an Land mit Instruktor und selbst\u00e4ndiges \u00fcben im Wasser mit Wing &amp; Board (Dauer 2 Stunden)<\/h5>\n<\/div>\n<div><span class=\"x1c3i2sq x19la9d6 x1fc57z9 xexx8yu x19um543 x18d9i69 x1m6msm x6ikm8r x10wlt62 x19co3pv x1g5zs5t xfibh0p xiy17q3 x1xsqp64\"><span class=\"\">\ud83d\udcaa\ud83c\udffb <\/span><\/span>Theorie und Praxis an Land und Wasser<\/div>\n<div>\n<div><span class=\"x1c3i2sq x19la9d6 x1fc57z9 xexx8yu x19um543 x18d9i69 x1m6msm x6ikm8r x10wlt62 x19co3pv x1g5zs5t xfibh0p xiy17q3 x1xsqp64\">\u2b50<\/span><span class=\"Apple-converted-space\">\u00a0<\/span>Erste Erfahrungen mit dem Wing &amp; Board sammeln<\/div>\n<\/div>\n<div>\n<div>\n<div>\n<div>\n<div>\ud83e\uddb8\u200d\u2642\ufe0f Mit Instruktor w\u00e4hrend der Landeinheit<\/div>\n<\/div>\n<\/div>\n<\/div>\n<div><span class=\"x1c3i2sq x19la9d6 x1fc57z9 xexx8yu x19um543 x18d9i69 x1m6msm x6ikm8r x10wlt62 x19co3pv x1g5zs5t xfibh0p xiy17q3 x1xsqp64\"><span class=\"\">\ud83c\udfc4\ud83c\udffc <\/span><\/span>Selbst\u00e4ndiges \u00fcben im Wasser mit Wing &amp; Board<\/div>\n<\/div>\n<div>\n<div>\n<div>\u2705 inkl. Equipment (Wing &amp; Board und Helm)<\/div>\n<\/div>\n<\/div>\n","protected":false},"featured_media":4878,"template":"","meta":{"inline_featured_image":false},"product_cat":[29],"product_tag":[],"class_list":["post-4497","product","type-product","status-publish","has-post-thumbnail","hentry","product_cat-wingsurf"],"yoast_head":"<!-- This site is optimized with the Yoast SEO plugin v24.6 - https:\/\/yoast.com\/wordpress\/plugins\/seo\/ -->\n<title>WING SCHNUPPERKURS - LAND UND WASSEREINHEIT<\/title>\n<meta name=\"description\" content=\"Du willst Wingsurfen einfach mal ausprobieren und herausfinden, ob es dir Spa\u00df macht? Dann bist du bei uns genau richtig! Das Ziel des Kurses ist es, dir erste Eindr\u00fccke zu vermitteln und ein solides Gef\u00fchl f\u00fcr den Wing, das Board und deren Handhabung zu entwickeln - so kannst du die Grundlagen des Wingsurfens erlernen und weiter sicher \u00fcben.\" \/>\n<meta name=\"robots\" content=\"index, follow, max-snippet:-1, max-image-preview:large, max-video-preview:-1\" \/>\n<link rel=\"canonical\" href=\"https:\/\/saltylake.at\/wien\/product\/schnupperkurs-mit-land-und-wassereinheit\/\" \/>\n<meta property=\"og:locale\" content=\"de_DE\" \/>\n<meta property=\"og:type\" content=\"article\" \/>\n<meta property=\"og:title\" content=\"WING SCHNUPPERKURS - LAND UND WASSEREINHEIT\" \/>\n<meta property=\"og:description\" content=\"Du willst Wingsurfen einfach mal ausprobieren und herausfinden, ob es dir Spa\u00df macht? Dann bist du bei uns genau richtig! Das Ziel des Kurses ist es, dir erste Eindr\u00fccke zu vermitteln und ein solides Gef\u00fchl f\u00fcr den Wing, das Board und deren Handhabung zu entwickeln - so kannst du die Grundlagen des Wingsurfens erlernen und weiter sicher \u00fcben.\" \/>\n<meta property=\"og:url\" content=\"https:\/\/saltylake.at\/wien\/product\/schnupperkurs-mit-land-und-wassereinheit\/\" \/>\n<meta property=\"og:site_name\" content=\"Wassersportcenter - Salty Lake in Wien\" \/>\n<meta property=\"article:modified_time\" content=\"2026-04-15T18:46:01+00:00\" \/>\n<meta property=\"og:image\" content=\"https:\/\/saltylake.at\/wien\/wordpress\/wp-content\/uploads\/2025\/02\/Website-MarDeArce_SkyStart26_Unit26_Sardinia_Duotone_by-ChiaraSoccinDSC05382-e1776278750332.jpg\" \/>\n\t<meta property=\"og:image:width\" content=\"1612\" \/>\n\t<meta property=\"og:image:height\" content=\"1240\" \/>\n\t<meta property=\"og:image:type\" content=\"image\/jpeg\" \/>\n<meta name=\"twitter:card\" content=\"summary_large_image\" \/>\n<meta name=\"twitter:label1\" content=\"Gesch\u00e4tzte Lesezeit\" \/>\n\t<meta name=\"twitter:data1\" content=\"1\u00a0Minute\" \/>\n<script type=\"application\/ld+json\" class=\"yoast-schema-graph\">{\"@context\":\"https:\/\/schema.org\",\"@graph\":[{\"@type\":\"WebPage\",\"@id\":\"https:\/\/saltylake.at\/wien\/product\/schnupperkurs-mit-land-und-wassereinheit\/\",\"url\":\"https:\/\/saltylake.at\/wien\/product\/schnupperkurs-mit-land-und-wassereinheit\/\",\"name\":\"WING SCHNUPPERKURS - LAND UND WASSEREINHEIT\",\"isPartOf\":{\"@id\":\"https:\/\/saltylake.at\/wien\/#website\"},\"primaryImageOfPage\":{\"@id\":\"https:\/\/saltylake.at\/wien\/product\/schnupperkurs-mit-land-und-wassereinheit\/#primaryimage\"},\"image\":{\"@id\":\"https:\/\/saltylake.at\/wien\/product\/schnupperkurs-mit-land-und-wassereinheit\/#primaryimage\"},\"thumbnailUrl\":\"https:\/\/saltylake.at\/wien\/wordpress\/wp-content\/uploads\/2025\/02\/Website-MarDeArce_SkyStart26_Unit26_Sardinia_Duotone_by-ChiaraSoccinDSC05382-e1776278750332.jpg\",\"datePublished\":\"2025-02-21T11:52:10+00:00\",\"dateModified\":\"2026-04-15T18:46:01+00:00\",\"description\":\"Du willst Wingsurfen einfach mal ausprobieren und herausfinden, ob es dir Spa\u00df macht? Dann bist du bei uns genau richtig! Das Ziel des Kurses ist es, dir erste Eindr\u00fccke zu vermitteln und ein solides Gef\u00fchl f\u00fcr den Wing, das Board und deren Handhabung zu entwickeln - so kannst du die Grundlagen des Wingsurfens erlernen und weiter sicher \u00fcben.\",\"breadcrumb\":{\"@id\":\"https:\/\/saltylake.at\/wien\/product\/schnupperkurs-mit-land-und-wassereinheit\/#breadcrumb\"},\"inLanguage\":\"de\",\"potentialAction\":[{\"@type\":\"ReadAction\",\"target\":[\"https:\/\/saltylake.at\/wien\/product\/schnupperkurs-mit-land-und-wassereinheit\/\"]}]},{\"@type\":\"ImageObject\",\"inLanguage\":\"de\",\"@id\":\"https:\/\/saltylake.at\/wien\/product\/schnupperkurs-mit-land-und-wassereinheit\/#primaryimage\",\"url\":\"https:\/\/saltylake.at\/wien\/wordpress\/wp-content\/uploads\/2025\/02\/Website-MarDeArce_SkyStart26_Unit26_Sardinia_Duotone_by-ChiaraSoccinDSC05382-e1776278750332.jpg\",\"contentUrl\":\"https:\/\/saltylake.at\/wien\/wordpress\/wp-content\/uploads\/2025\/02\/Website-MarDeArce_SkyStart26_Unit26_Sardinia_Duotone_by-ChiaraSoccinDSC05382-e1776278750332.jpg\",\"width\":1612,\"height\":1240},{\"@type\":\"BreadcrumbList\",\"@id\":\"https:\/\/saltylake.at\/wien\/product\/schnupperkurs-mit-land-und-wassereinheit\/#breadcrumb\",\"itemListElement\":[{\"@type\":\"ListItem\",\"position\":1,\"name\":\"Startseite\",\"item\":\"https:\/\/saltylake.at\/wien\/\"},{\"@type\":\"ListItem\",\"position\":2,\"name\":\"Kurse und Verleih\",\"item\":\"https:\/\/saltylake.at\/wien\/shop\/\"},{\"@type\":\"ListItem\",\"position\":3,\"name\":\"SCHNUPPERKURS &#8211; LAND UND WASSEREINHEIT\"}]},{\"@type\":\"WebSite\",\"@id\":\"https:\/\/saltylake.at\/wien\/#website\",\"url\":\"https:\/\/saltylake.at\/wien\/\",\"name\":\"Wassersportcenter - Salty Lake in Wien\",\"description\":\"WIR BIETEN DIR WASSERSPORT UND SURF LIFESTYLE IN WIEN\",\"potentialAction\":[{\"@type\":\"SearchAction\",\"target\":{\"@type\":\"EntryPoint\",\"urlTemplate\":\"https:\/\/saltylake.at\/wien\/?s={search_term_string}\"},\"query-input\":{\"@type\":\"PropertyValueSpecification\",\"valueRequired\":true,\"valueName\":\"search_term_string\"}}],\"inLanguage\":\"de\"}]}<\/script>\n<!-- \/ Yoast SEO plugin. -->","yoast_head_json":{"title":"WING SCHNUPPERKURS - LAND UND WASSEREINHEIT","description":"Du willst Wingsurfen einfach mal ausprobieren und herausfinden, ob es dir Spa\u00df macht? Dann bist du bei uns genau richtig! Das Ziel des Kurses ist es, dir erste Eindr\u00fccke zu vermitteln und ein solides Gef\u00fchl f\u00fcr den Wing, das Board und deren Handhabung zu entwickeln - so kannst du die Grundlagen des Wingsurfens erlernen und weiter sicher \u00fcben.","robots":{"index":"index","follow":"follow","max-snippet":"max-snippet:-1","max-image-preview":"max-image-preview:large","max-video-preview":"max-video-preview:-1"},"canonical":"https:\/\/saltylake.at\/wien\/product\/schnupperkurs-mit-land-und-wassereinheit\/","og_locale":"de_DE","og_type":"article","og_title":"WING SCHNUPPERKURS - LAND UND WASSEREINHEIT","og_description":"Du willst Wingsurfen einfach mal ausprobieren und herausfinden, ob es dir Spa\u00df macht? Dann bist du bei uns genau richtig! Das Ziel des Kurses ist es, dir erste Eindr\u00fccke zu vermitteln und ein solides Gef\u00fchl f\u00fcr den Wing, das Board und deren Handhabung zu entwickeln - so kannst du die Grundlagen des Wingsurfens erlernen und weiter sicher \u00fcben.","og_url":"https:\/\/saltylake.at\/wien\/product\/schnupperkurs-mit-land-und-wassereinheit\/","og_site_name":"Wassersportcenter - Salty Lake in Wien","article_modified_time":"2026-04-15T18:46:01+00:00","og_image":[{"width":1612,"height":1240,"url":"https:\/\/saltylake.at\/wien\/wordpress\/wp-content\/uploads\/2025\/02\/Website-MarDeArce_SkyStart26_Unit26_Sardinia_Duotone_by-ChiaraSoccinDSC05382-e1776278750332.jpg","type":"image\/jpeg"}],"twitter_card":"summary_large_image","twitter_misc":{"Gesch\u00e4tzte Lesezeit":"1\u00a0Minute"},"schema":{"@context":"https:\/\/schema.org","@graph":[{"@type":"WebPage","@id":"https:\/\/saltylake.at\/wien\/product\/schnupperkurs-mit-land-und-wassereinheit\/","url":"https:\/\/saltylake.at\/wien\/product\/schnupperkurs-mit-land-und-wassereinheit\/","name":"WING SCHNUPPERKURS - LAND UND WASSEREINHEIT","isPartOf":{"@id":"https:\/\/saltylake.at\/wien\/#website"},"primaryImageOfPage":{"@id":"https:\/\/saltylake.at\/wien\/product\/schnupperkurs-mit-land-und-wassereinheit\/#primaryimage"},"image":{"@id":"https:\/\/saltylake.at\/wien\/product\/schnupperkurs-mit-land-und-wassereinheit\/#primaryimage"},"thumbnailUrl":"https:\/\/saltylake.at\/wien\/wordpress\/wp-content\/uploads\/2025\/02\/Website-MarDeArce_SkyStart26_Unit26_Sardinia_Duotone_by-ChiaraSoccinDSC05382-e1776278750332.jpg","datePublished":"2025-02-21T11:52:10+00:00","dateModified":"2026-04-15T18:46:01+00:00","description":"Du willst Wingsurfen einfach mal ausprobieren und herausfinden, ob es dir Spa\u00df macht? Dann bist du bei uns genau richtig! Das Ziel des Kurses ist es, dir erste Eindr\u00fccke zu vermitteln und ein solides Gef\u00fchl f\u00fcr den Wing, das Board und deren Handhabung zu entwickeln - so kannst du die Grundlagen des Wingsurfens erlernen und weiter sicher \u00fcben.","breadcrumb":{"@id":"https:\/\/saltylake.at\/wien\/product\/schnupperkurs-mit-land-und-wassereinheit\/#breadcrumb"},"inLanguage":"de","potentialAction":[{"@type":"ReadAction","target":["https:\/\/saltylake.at\/wien\/product\/schnupperkurs-mit-land-und-wassereinheit\/"]}]},{"@type":"ImageObject","inLanguage":"de","@id":"https:\/\/saltylake.at\/wien\/product\/schnupperkurs-mit-land-und-wassereinheit\/#primaryimage","url":"https:\/\/saltylake.at\/wien\/wordpress\/wp-content\/uploads\/2025\/02\/Website-MarDeArce_SkyStart26_Unit26_Sardinia_Duotone_by-ChiaraSoccinDSC05382-e1776278750332.jpg","contentUrl":"https:\/\/saltylake.at\/wien\/wordpress\/wp-content\/uploads\/2025\/02\/Website-MarDeArce_SkyStart26_Unit26_Sardinia_Duotone_by-ChiaraSoccinDSC05382-e1776278750332.jpg","width":1612,"height":1240},{"@type":"BreadcrumbList","@id":"https:\/\/saltylake.at\/wien\/product\/schnupperkurs-mit-land-und-wassereinheit\/#breadcrumb","itemListElement":[{"@type":"ListItem","position":1,"name":"Startseite","item":"https:\/\/saltylake.at\/wien\/"},{"@type":"ListItem","position":2,"name":"Kurse und Verleih","item":"https:\/\/saltylake.at\/wien\/shop\/"},{"@type":"ListItem","position":3,"name":"SCHNUPPERKURS &#8211; LAND UND WASSEREINHEIT"}]},{"@type":"WebSite","@id":"https:\/\/saltylake.at\/wien\/#website","url":"https:\/\/saltylake.at\/wien\/","name":"Wassersportcenter - Salty Lake in Wien","description":"WIR BIETEN DIR WASSERSPORT UND SURF LIFESTYLE IN WIEN","potentialAction":[{"@type":"SearchAction","target":{"@type":"EntryPoint","urlTemplate":"https:\/\/saltylake.at\/wien\/?s={search_term_string}"},"query-input":{"@type":"PropertyValueSpecification","valueRequired":true,"valueName":"search_term_string"}}],"inLanguage":"de"}]}},"_links":{"self":[{"href":"https:\/\/saltylake.at\/wien\/wp-json\/wp\/v2\/product\/4497","targetHints":{"allow":["GET"]}}],"collection":[{"href":"https:\/\/saltylake.at\/wien\/wp-json\/wp\/v2\/product"}],"about":[{"href":"https:\/\/saltylake.at\/wien\/wp-json\/wp\/v2\/types\/product"}],"wp:featuredmedia":[{"embeddable":true,"href":"https:\/\/saltylake.at\/wien\/wp-json\/wp\/v2\/media\/4878"}],"wp:attachment":[{"href":"https:\/\/saltylake.at\/wien\/wp-json\/wp\/v2\/media?parent=4497"}],"wp:term":[{"taxonomy":"product_cat","embeddable":true,"href":"https:\/\/saltylake.at\/wien\/wp-json\/wp\/v2\/product_cat?post=4497"},{"taxonomy":"product_tag","embeddable":true,"href":"https:\/\/saltylake.at\/wien\/wp-json\/wp\/v2\/product_tag?post=4497"}],"curies":[{"name":"wp","href":"https:\/\/api.w.org\/{rel}","templated":true}]}}